{"id":23249,"date":"2022-01-05T10:10:42","date_gmt":"2022-01-05T13:10:42","guid":{"rendered":"https:\/\/www.museuhistoricosl.com.br\/loja\/produto\/sl033-fd-0798-2\/"},"modified":"2022-01-05T10:10:42","modified_gmt":"2022-01-05T13:10:42","slug":"sl033-fd-0798-2","status":"publish","type":"product","link":"https:\/\/www.museuhistoricosl.com.br\/loja\/produto\/sl033-fd-0798-2\/","title":{"rendered":"SL033-FD-0798"},"content":{"rendered":"<p>FECIRE &#8211; Feira Regional de Ci\u00eancias, 1984-1985, II Feira, no Col\u00e9gio S\u00e3o Lu\u00eds, 30\/09\/1984; Escolas; <\/p>\n","protected":false},"excerpt":{"rendered":"<p>FECIRE &#8211; Feira Regional de Ci\u00eancias, 1984-1985, II Feira, no Col\u00e9gio S\u00e3o Lu\u00eds, 30\/09\/1984; Escolas;<\/p>\n","protected":false},"featured_media":21427,"comment_status":"open","ping_status":"closed","template":"","meta":{"_acf_changed":false},"product_cat":[60],"product_tag":[],"class_list":["post-23249","product","type-product","status-publish","has-post-thumbnail","hentry","product_cat-escolas"],"acf":[],"_links":{"self":[{"href":"https:\/\/www.museuhistoricosl.com.br\/loja\/wp-json\/wp\/v2\/product\/23249","targetHints":{"allow":["GET"]}}],"collection":[{"href":"https:\/\/www.museuhistoricosl.com.br\/loja\/wp-json\/wp\/v2\/product"}],"about":[{"href":"https:\/\/www.museuhistoricosl.com.br\/loja\/wp-json\/wp\/v2\/types\/product"}],"replies":[{"embeddable":true,"href":"https:\/\/www.museuhistoricosl.com.br\/loja\/wp-json\/wp\/v2\/comments?post=23249"}],"wp:featuredmedia":[{"embeddable":true,"href":"https:\/\/www.museuhistoricosl.com.br\/loja\/wp-json\/wp\/v2\/media\/21427"}],"wp:attachment":[{"href":"https:\/\/www.museuhistoricosl.com.br\/loja\/wp-json\/wp\/v2\/media?parent=23249"}],"wp:term":[{"taxonomy":"product_cat","embeddable":true,"href":"https:\/\/www.museuhistoricosl.com.br\/loja\/wp-json\/wp\/v2\/product_cat?post=23249"},{"taxonomy":"product_tag","embeddable":true,"href":"https:\/\/www.museuhistoricosl.com.br\/loja\/wp-json\/wp\/v2\/product_tag?post=23249"}],"curies":[{"name":"wp","href":"https:\/\/api.w.org\/{rel}","templated":true}]}}