{"id":23240,"date":"2022-01-05T10:10:30","date_gmt":"2022-01-05T13:10:30","guid":{"rendered":"https:\/\/www.museuhistoricosl.com.br\/loja\/produto\/sl033-fd-0789-2\/"},"modified":"2022-01-05T10:10:30","modified_gmt":"2022-01-05T13:10:30","slug":"sl033-fd-0789-2","status":"publish","type":"product","link":"https:\/\/www.museuhistoricosl.com.br\/loja\/produto\/sl033-fd-0789-2\/","title":{"rendered":"SL033-FD-0789"},"content":{"rendered":"<p>SEMEC &#8211; Secret\u00e1ria Munic\u00edpio de Educa\u00e7\u00e3o e Cultura, posse de Waldir Schmidt, Roque Reinaldo Brand, Foto Nilson,  09\/07\/1985; Escolas; <\/p>\n","protected":false},"excerpt":{"rendered":"<p>SEMEC &#8211; Secret\u00e1ria Munic\u00edpio de Educa\u00e7\u00e3o e Cultura, posse de Waldir Schmidt, Roque Reinaldo Brand, Foto Nilson, 09\/07\/1985; Escolas;<\/p>\n","protected":false},"featured_media":21409,"comment_status":"open","ping_status":"closed","template":"","meta":{"_acf_changed":false},"product_cat":[60],"product_tag":[],"class_list":["post-23240","product","type-product","status-publish","has-post-thumbnail","hentry","product_cat-escolas"],"acf":[],"_links":{"self":[{"href":"https:\/\/www.museuhistoricosl.com.br\/loja\/wp-json\/wp\/v2\/product\/23240","targetHints":{"allow":["GET"]}}],"collection":[{"href":"https:\/\/www.museuhistoricosl.com.br\/loja\/wp-json\/wp\/v2\/product"}],"about":[{"href":"https:\/\/www.museuhistoricosl.com.br\/loja\/wp-json\/wp\/v2\/types\/product"}],"replies":[{"embeddable":true,"href":"https:\/\/www.museuhistoricosl.com.br\/loja\/wp-json\/wp\/v2\/comments?post=23240"}],"wp:featuredmedia":[{"embeddable":true,"href":"https:\/\/www.museuhistoricosl.com.br\/loja\/wp-json\/wp\/v2\/media\/21409"}],"wp:attachment":[{"href":"https:\/\/www.museuhistoricosl.com.br\/loja\/wp-json\/wp\/v2\/media?parent=23240"}],"wp:term":[{"taxonomy":"product_cat","embeddable":true,"href":"https:\/\/www.museuhistoricosl.com.br\/loja\/wp-json\/wp\/v2\/product_cat?post=23240"},{"taxonomy":"product_tag","embeddable":true,"href":"https:\/\/www.museuhistoricosl.com.br\/loja\/wp-json\/wp\/v2\/product_tag?post=23240"}],"curies":[{"name":"wp","href":"https:\/\/api.w.org\/{rel}","templated":true}]}}