{"id":23233,"date":"2022-01-05T10:10:27","date_gmt":"2022-01-05T13:10:27","guid":{"rendered":"https:\/\/www.museuhistoricosl.com.br\/loja\/produto\/sl033-fd-0782-2\/"},"modified":"2022-01-05T10:10:27","modified_gmt":"2022-01-05T13:10:27","slug":"sl033-fd-0782-2","status":"publish","type":"product","link":"https:\/\/www.museuhistoricosl.com.br\/loja\/produto\/sl033-fd-0782-2\/","title":{"rendered":"SL033-FD-0782"},"content":{"rendered":"<p>SEMEC &#8211; Secret\u00e1ria Munic\u00edpio de Educa\u00e7\u00e3o e Cultura, posse de Roque Reinaldo Brand, Hardi Leichtweis, Minton Bender, Waldir Schmidt, Herbert E. Wetzel, Miron Stoffels, Roque Rein. Brand, 09\/07\/1985; Escolas; <\/p>\n","protected":false},"excerpt":{"rendered":"<p>SEMEC &#8211; Secret\u00e1ria Munic\u00edpio de Educa\u00e7\u00e3o e Cultura, posse de Roque Reinaldo Brand, Hardi Leichtweis, Minton Bender, Waldir Schmidt, Herbert<\/p>\n","protected":false},"featured_media":21395,"comment_status":"open","ping_status":"closed","template":"","meta":{"_acf_changed":false},"product_cat":[60],"product_tag":[],"class_list":["post-23233","product","type-product","status-publish","has-post-thumbnail","hentry","product_cat-escolas"],"acf":[],"_links":{"self":[{"href":"https:\/\/www.museuhistoricosl.com.br\/loja\/wp-json\/wp\/v2\/product\/23233","targetHints":{"allow":["GET"]}}],"collection":[{"href":"https:\/\/www.museuhistoricosl.com.br\/loja\/wp-json\/wp\/v2\/product"}],"about":[{"href":"https:\/\/www.museuhistoricosl.com.br\/loja\/wp-json\/wp\/v2\/types\/product"}],"replies":[{"embeddable":true,"href":"https:\/\/www.museuhistoricosl.com.br\/loja\/wp-json\/wp\/v2\/comments?post=23233"}],"wp:featuredmedia":[{"embeddable":true,"href":"https:\/\/www.museuhistoricosl.com.br\/loja\/wp-json\/wp\/v2\/media\/21395"}],"wp:attachment":[{"href":"https:\/\/www.museuhistoricosl.com.br\/loja\/wp-json\/wp\/v2\/media?parent=23233"}],"wp:term":[{"taxonomy":"product_cat","embeddable":true,"href":"https:\/\/www.museuhistoricosl.com.br\/loja\/wp-json\/wp\/v2\/product_cat?post=23233"},{"taxonomy":"product_tag","embeddable":true,"href":"https:\/\/www.museuhistoricosl.com.br\/loja\/wp-json\/wp\/v2\/product_tag?post=23233"}],"curies":[{"name":"wp","href":"https:\/\/api.w.org\/{rel}","templated":true}]}}