{"id":23212,"date":"2022-01-05T10:10:15","date_gmt":"2022-01-05T13:10:15","guid":{"rendered":"https:\/\/www.museuhistoricosl.com.br\/loja\/produto\/sl033-fd-0761-2\/"},"modified":"2022-01-05T10:10:15","modified_gmt":"2022-01-05T13:10:15","slug":"sl033-fd-0761-2","status":"publish","type":"product","link":"https:\/\/www.museuhistoricosl.com.br\/loja\/produto\/sl033-fd-0761-2\/","title":{"rendered":"SL033-FD-0761"},"content":{"rendered":"<p>Escola Cenecista Rio dos Sinos, II Grau, Constru\u00e7\u00e3o do Gin\u00e1sio da Escola ( parado h\u00e1 muito tempo ), 02\/1985; Escolas; <\/p>\n","protected":false},"excerpt":{"rendered":"<p>Escola Cenecista Rio dos Sinos, II Grau, Constru\u00e7\u00e3o do Gin\u00e1sio da Escola ( parado h\u00e1 muito tempo ), 02\/1985; Escolas;<\/p>\n","protected":false},"featured_media":21353,"comment_status":"open","ping_status":"closed","template":"","meta":{"_acf_changed":false},"product_cat":[60],"product_tag":[],"class_list":["post-23212","product","type-product","status-publish","has-post-thumbnail","hentry","product_cat-escolas"],"acf":[],"_links":{"self":[{"href":"https:\/\/www.museuhistoricosl.com.br\/loja\/wp-json\/wp\/v2\/product\/23212","targetHints":{"allow":["GET"]}}],"collection":[{"href":"https:\/\/www.museuhistoricosl.com.br\/loja\/wp-json\/wp\/v2\/product"}],"about":[{"href":"https:\/\/www.museuhistoricosl.com.br\/loja\/wp-json\/wp\/v2\/types\/product"}],"replies":[{"embeddable":true,"href":"https:\/\/www.museuhistoricosl.com.br\/loja\/wp-json\/wp\/v2\/comments?post=23212"}],"wp:featuredmedia":[{"embeddable":true,"href":"https:\/\/www.museuhistoricosl.com.br\/loja\/wp-json\/wp\/v2\/media\/21353"}],"wp:attachment":[{"href":"https:\/\/www.museuhistoricosl.com.br\/loja\/wp-json\/wp\/v2\/media?parent=23212"}],"wp:term":[{"taxonomy":"product_cat","embeddable":true,"href":"https:\/\/www.museuhistoricosl.com.br\/loja\/wp-json\/wp\/v2\/product_cat?post=23212"},{"taxonomy":"product_tag","embeddable":true,"href":"https:\/\/www.museuhistoricosl.com.br\/loja\/wp-json\/wp\/v2\/product_tag?post=23212"}],"curies":[{"name":"wp","href":"https:\/\/api.w.org\/{rel}","templated":true}]}}