{"id":23187,"date":"2022-01-05T10:10:00","date_gmt":"2022-01-05T13:10:00","guid":{"rendered":"https:\/\/www.museuhistoricosl.com.br\/loja\/produto\/sl033-fd-0736-2\/"},"modified":"2022-01-05T10:10:00","modified_gmt":"2022-01-05T13:10:00","slug":"sl033-fd-0736-2","status":"publish","type":"product","link":"https:\/\/www.museuhistoricosl.com.br\/loja\/produto\/sl033-fd-0736-2\/","title":{"rendered":"SL033-FD-0736"},"content":{"rendered":"<p>Primeiro pr\u00e9dio da Funda\u00e7\u00e3o Evang\u00e9lica. Hamburgo Velho, 1886.- C\u00f3digo anterior de cat\u00e1logo:FD 33.2,36; Escolas; <\/p>\n","protected":false},"excerpt":{"rendered":"<p>Primeiro pr\u00e9dio da Funda\u00e7\u00e3o Evang\u00e9lica. Hamburgo Velho, 1886.- C\u00f3digo anterior de cat\u00e1logo:FD 33.2,36; Escolas;<\/p>\n","protected":false},"featured_media":21303,"comment_status":"open","ping_status":"closed","template":"","meta":{"_acf_changed":false},"product_cat":[60],"product_tag":[],"class_list":["post-23187","product","type-product","status-publish","has-post-thumbnail","hentry","product_cat-escolas"],"acf":[],"_links":{"self":[{"href":"https:\/\/www.museuhistoricosl.com.br\/loja\/wp-json\/wp\/v2\/product\/23187","targetHints":{"allow":["GET"]}}],"collection":[{"href":"https:\/\/www.museuhistoricosl.com.br\/loja\/wp-json\/wp\/v2\/product"}],"about":[{"href":"https:\/\/www.museuhistoricosl.com.br\/loja\/wp-json\/wp\/v2\/types\/product"}],"replies":[{"embeddable":true,"href":"https:\/\/www.museuhistoricosl.com.br\/loja\/wp-json\/wp\/v2\/comments?post=23187"}],"wp:featuredmedia":[{"embeddable":true,"href":"https:\/\/www.museuhistoricosl.com.br\/loja\/wp-json\/wp\/v2\/media\/21303"}],"wp:attachment":[{"href":"https:\/\/www.museuhistoricosl.com.br\/loja\/wp-json\/wp\/v2\/media?parent=23187"}],"wp:term":[{"taxonomy":"product_cat","embeddable":true,"href":"https:\/\/www.museuhistoricosl.com.br\/loja\/wp-json\/wp\/v2\/product_cat?post=23187"},{"taxonomy":"product_tag","embeddable":true,"href":"https:\/\/www.museuhistoricosl.com.br\/loja\/wp-json\/wp\/v2\/product_tag?post=23187"}],"curies":[{"name":"wp","href":"https:\/\/api.w.org\/{rel}","templated":true}]}}