{"id":23171,"date":"2022-01-05T10:09:46","date_gmt":"2022-01-05T13:09:46","guid":{"rendered":"https:\/\/www.museuhistoricosl.com.br\/loja\/produto\/sl033-fd-0720-2\/"},"modified":"2022-01-05T10:09:46","modified_gmt":"2022-01-05T13:09:46","slug":"sl033-fd-0720-2","status":"publish","type":"product","link":"https:\/\/www.museuhistoricosl.com.br\/loja\/produto\/sl033-fd-0720-2\/","title":{"rendered":"SL033-FD-0720"},"content":{"rendered":"<p>Curso Comercial, dirigido por Dr. Leopoldo Sefrin, 29\/06\/1929. Jo\u00e3o Meinhardt, Ademar Oliveira, Antenor Haas, Edwino Moog, Leopoldo Sefrin, Ivo E. Veeck, Nei Pires, Jos\u00e9 Jaeger, Waldomiro Haas, Hugo Martins,- C\u00f3digo anterior de cat\u00e1logo:FD 33.2,20; Escolas; <\/p>\n","protected":false},"excerpt":{"rendered":"<p>Curso Comercial, dirigido por Dr. Leopoldo Sefrin, 29\/06\/1929. Jo\u00e3o Meinhardt, Ademar Oliveira, Antenor Haas, Edwino Moog, Leopoldo Sefrin, Ivo E.<\/p>\n","protected":false},"featured_media":21271,"comment_status":"open","ping_status":"closed","template":"","meta":{"_acf_changed":false},"product_cat":[60],"product_tag":[],"class_list":["post-23171","product","type-product","status-publish","has-post-thumbnail","hentry","product_cat-escolas"],"acf":[],"_links":{"self":[{"href":"https:\/\/www.museuhistoricosl.com.br\/loja\/wp-json\/wp\/v2\/product\/23171","targetHints":{"allow":["GET"]}}],"collection":[{"href":"https:\/\/www.museuhistoricosl.com.br\/loja\/wp-json\/wp\/v2\/product"}],"about":[{"href":"https:\/\/www.museuhistoricosl.com.br\/loja\/wp-json\/wp\/v2\/types\/product"}],"replies":[{"embeddable":true,"href":"https:\/\/www.museuhistoricosl.com.br\/loja\/wp-json\/wp\/v2\/comments?post=23171"}],"wp:featuredmedia":[{"embeddable":true,"href":"https:\/\/www.museuhistoricosl.com.br\/loja\/wp-json\/wp\/v2\/media\/21271"}],"wp:attachment":[{"href":"https:\/\/www.museuhistoricosl.com.br\/loja\/wp-json\/wp\/v2\/media?parent=23171"}],"wp:term":[{"taxonomy":"product_cat","embeddable":true,"href":"https:\/\/www.museuhistoricosl.com.br\/loja\/wp-json\/wp\/v2\/product_cat?post=23171"},{"taxonomy":"product_tag","embeddable":true,"href":"https:\/\/www.museuhistoricosl.com.br\/loja\/wp-json\/wp\/v2\/product_tag?post=23171"}],"curies":[{"name":"wp","href":"https:\/\/api.w.org\/{rel}","templated":true}]}}