{"id":23170,"date":"2022-01-05T10:09:45","date_gmt":"2022-01-05T13:09:45","guid":{"rendered":"https:\/\/www.museuhistoricosl.com.br\/loja\/produto\/sl033-fd-0719-2\/"},"modified":"2022-01-05T10:09:45","modified_gmt":"2022-01-05T13:09:45","slug":"sl033-fd-0719-2","status":"publish","type":"product","link":"https:\/\/www.museuhistoricosl.com.br\/loja\/produto\/sl033-fd-0719-2\/","title":{"rendered":"SL033-FD-0719"},"content":{"rendered":"<p>Alunos da Escola P\u00fablica da Linha Brasil, mais ou menos 1910\/12. Prof. Francisco Hildebrand (1\u00ba professor estadual). Wilhelm Wazlowick; Rosa Wazlowick, filha de Wenzel; Ana Wazlowick, irm\u00e3 de Wilma; Balduino, irm\u00e3o de Silvana Marotzky, &#8211; C\u00f3digo anterior de cat\u00e1logo:FD 33.2,19; Escolas; <\/p>\n","protected":false},"excerpt":{"rendered":"<p>Alunos da Escola P\u00fablica da Linha Brasil, mais ou menos 1910\/12. Prof. Francisco Hildebrand (1\u00ba professor estadual). Wilhelm Wazlowick; Rosa<\/p>\n","protected":false},"featured_media":21269,"comment_status":"open","ping_status":"closed","template":"","meta":{"_acf_changed":false},"product_cat":[60],"product_tag":[],"class_list":["post-23170","product","type-product","status-publish","has-post-thumbnail","hentry","product_cat-escolas"],"acf":[],"_links":{"self":[{"href":"https:\/\/www.museuhistoricosl.com.br\/loja\/wp-json\/wp\/v2\/product\/23170","targetHints":{"allow":["GET"]}}],"collection":[{"href":"https:\/\/www.museuhistoricosl.com.br\/loja\/wp-json\/wp\/v2\/product"}],"about":[{"href":"https:\/\/www.museuhistoricosl.com.br\/loja\/wp-json\/wp\/v2\/types\/product"}],"replies":[{"embeddable":true,"href":"https:\/\/www.museuhistoricosl.com.br\/loja\/wp-json\/wp\/v2\/comments?post=23170"}],"wp:featuredmedia":[{"embeddable":true,"href":"https:\/\/www.museuhistoricosl.com.br\/loja\/wp-json\/wp\/v2\/media\/21269"}],"wp:attachment":[{"href":"https:\/\/www.museuhistoricosl.com.br\/loja\/wp-json\/wp\/v2\/media?parent=23170"}],"wp:term":[{"taxonomy":"product_cat","embeddable":true,"href":"https:\/\/www.museuhistoricosl.com.br\/loja\/wp-json\/wp\/v2\/product_cat?post=23170"},{"taxonomy":"product_tag","embeddable":true,"href":"https:\/\/www.museuhistoricosl.com.br\/loja\/wp-json\/wp\/v2\/product_tag?post=23170"}],"curies":[{"name":"wp","href":"https:\/\/api.w.org\/{rel}","templated":true}]}}