{"id":23130,"date":"2022-01-05T10:09:18","date_gmt":"2022-01-05T13:09:18","guid":{"rendered":"https:\/\/www.museuhistoricosl.com.br\/loja\/produto\/sl033-fd-0679-2\/"},"modified":"2022-01-05T10:09:18","modified_gmt":"2022-01-05T13:09:18","slug":"sl033-fd-0679-2","status":"publish","type":"product","link":"https:\/\/www.museuhistoricosl.com.br\/loja\/produto\/sl033-fd-0679-2\/","title":{"rendered":"SL033-FD-0679"},"content":{"rendered":"<p>Escola Lindolfo Collor, Senai, S\u00e3o Leopoldo, Engenheiro Andr\u00e9 Gentil &#8211; Sui\u00e7o &#8211; visita ao VS Encarregado de acompanhar a montagem do projeto de constru\u00e7\u00e3o do Centro Tecnol\u00f3gico de Mec\u00e2nica de Precis\u00e3o do Senai, 14\/11\/1979; Escolas; <\/p>\n","protected":false},"excerpt":{"rendered":"<p>Escola Lindolfo Collor, Senai, S\u00e3o Leopoldo, Engenheiro Andr\u00e9 Gentil &#8211; Sui\u00e7o &#8211; visita ao VS Encarregado de acompanhar a montagem<\/p>\n","protected":false},"featured_media":21189,"comment_status":"open","ping_status":"closed","template":"","meta":{"_acf_changed":false},"product_cat":[60],"product_tag":[],"class_list":["post-23130","product","type-product","status-publish","has-post-thumbnail","hentry","product_cat-escolas"],"acf":[],"_links":{"self":[{"href":"https:\/\/www.museuhistoricosl.com.br\/loja\/wp-json\/wp\/v2\/product\/23130","targetHints":{"allow":["GET"]}}],"collection":[{"href":"https:\/\/www.museuhistoricosl.com.br\/loja\/wp-json\/wp\/v2\/product"}],"about":[{"href":"https:\/\/www.museuhistoricosl.com.br\/loja\/wp-json\/wp\/v2\/types\/product"}],"replies":[{"embeddable":true,"href":"https:\/\/www.museuhistoricosl.com.br\/loja\/wp-json\/wp\/v2\/comments?post=23130"}],"wp:featuredmedia":[{"embeddable":true,"href":"https:\/\/www.museuhistoricosl.com.br\/loja\/wp-json\/wp\/v2\/media\/21189"}],"wp:attachment":[{"href":"https:\/\/www.museuhistoricosl.com.br\/loja\/wp-json\/wp\/v2\/media?parent=23130"}],"wp:term":[{"taxonomy":"product_cat","embeddable":true,"href":"https:\/\/www.museuhistoricosl.com.br\/loja\/wp-json\/wp\/v2\/product_cat?post=23130"},{"taxonomy":"product_tag","embeddable":true,"href":"https:\/\/www.museuhistoricosl.com.br\/loja\/wp-json\/wp\/v2\/product_tag?post=23130"}],"curies":[{"name":"wp","href":"https:\/\/api.w.org\/{rel}","templated":true}]}}