{"id":23126,"date":"2022-01-05T10:09:15","date_gmt":"2022-01-05T13:09:15","guid":{"rendered":"https:\/\/www.museuhistoricosl.com.br\/loja\/produto\/sl033-fd-0675-2\/"},"modified":"2022-01-05T10:09:15","modified_gmt":"2022-01-05T13:09:15","slug":"sl033-fd-0675-2","status":"publish","type":"product","link":"https:\/\/www.museuhistoricosl.com.br\/loja\/produto\/sl033-fd-0675-2\/","title":{"rendered":"SL033-FD-0675"},"content":{"rendered":"<p>Escola Lindolfo Collor, Senai, S\u00e3o Leopoldo, Curso de Mec\u00e2nica Geral do Curso de Forma\u00e7\u00e3o Profissional, In\u00edcio Novembro, Foto VS, 10\/09\/1979; Escolas; <\/p>\n","protected":false},"excerpt":{"rendered":"<p>Escola Lindolfo Collor, Senai, S\u00e3o Leopoldo, Curso de Mec\u00e2nica Geral do Curso de Forma\u00e7\u00e3o Profissional, In\u00edcio Novembro, Foto VS, 10\/09\/1979;<\/p>\n","protected":false},"featured_media":21181,"comment_status":"open","ping_status":"closed","template":"","meta":{"_acf_changed":false},"product_cat":[60],"product_tag":[],"class_list":["post-23126","product","type-product","status-publish","has-post-thumbnail","hentry","product_cat-escolas"],"acf":[],"_links":{"self":[{"href":"https:\/\/www.museuhistoricosl.com.br\/loja\/wp-json\/wp\/v2\/product\/23126","targetHints":{"allow":["GET"]}}],"collection":[{"href":"https:\/\/www.museuhistoricosl.com.br\/loja\/wp-json\/wp\/v2\/product"}],"about":[{"href":"https:\/\/www.museuhistoricosl.com.br\/loja\/wp-json\/wp\/v2\/types\/product"}],"replies":[{"embeddable":true,"href":"https:\/\/www.museuhistoricosl.com.br\/loja\/wp-json\/wp\/v2\/comments?post=23126"}],"wp:featuredmedia":[{"embeddable":true,"href":"https:\/\/www.museuhistoricosl.com.br\/loja\/wp-json\/wp\/v2\/media\/21181"}],"wp:attachment":[{"href":"https:\/\/www.museuhistoricosl.com.br\/loja\/wp-json\/wp\/v2\/media?parent=23126"}],"wp:term":[{"taxonomy":"product_cat","embeddable":true,"href":"https:\/\/www.museuhistoricosl.com.br\/loja\/wp-json\/wp\/v2\/product_cat?post=23126"},{"taxonomy":"product_tag","embeddable":true,"href":"https:\/\/www.museuhistoricosl.com.br\/loja\/wp-json\/wp\/v2\/product_tag?post=23126"}],"curies":[{"name":"wp","href":"https:\/\/api.w.org\/{rel}","templated":true}]}}