{"id":23117,"date":"2022-01-05T10:09:06","date_gmt":"2022-01-05T13:09:06","guid":{"rendered":"https:\/\/www.museuhistoricosl.com.br\/loja\/produto\/sl033-fd-0666-2\/"},"modified":"2022-01-05T10:09:06","modified_gmt":"2022-01-05T13:09:06","slug":"sl033-fd-0666-2","status":"publish","type":"product","link":"https:\/\/www.museuhistoricosl.com.br\/loja\/produto\/sl033-fd-0666-2\/","title":{"rendered":"SL033-FD-0666"},"content":{"rendered":"<p>Escola Lindolfo Collor, Senai, S\u00e3o Leopoldo, Servi\u00e7o Social da Ind\u00fastria, alunos de mec\u00e2nica, 19\/08\/1985; Escolas; <\/p>\n","protected":false},"excerpt":{"rendered":"<p>Escola Lindolfo Collor, Senai, S\u00e3o Leopoldo, Servi\u00e7o Social da Ind\u00fastria, alunos de mec\u00e2nica, 19\/08\/1985; Escolas;<\/p>\n","protected":false},"featured_media":21163,"comment_status":"open","ping_status":"closed","template":"","meta":{"_acf_changed":false},"product_cat":[60],"product_tag":[],"class_list":["post-23117","product","type-product","status-publish","has-post-thumbnail","hentry","product_cat-escolas"],"acf":[],"_links":{"self":[{"href":"https:\/\/www.museuhistoricosl.com.br\/loja\/wp-json\/wp\/v2\/product\/23117","targetHints":{"allow":["GET"]}}],"collection":[{"href":"https:\/\/www.museuhistoricosl.com.br\/loja\/wp-json\/wp\/v2\/product"}],"about":[{"href":"https:\/\/www.museuhistoricosl.com.br\/loja\/wp-json\/wp\/v2\/types\/product"}],"replies":[{"embeddable":true,"href":"https:\/\/www.museuhistoricosl.com.br\/loja\/wp-json\/wp\/v2\/comments?post=23117"}],"wp:featuredmedia":[{"embeddable":true,"href":"https:\/\/www.museuhistoricosl.com.br\/loja\/wp-json\/wp\/v2\/media\/21163"}],"wp:attachment":[{"href":"https:\/\/www.museuhistoricosl.com.br\/loja\/wp-json\/wp\/v2\/media?parent=23117"}],"wp:term":[{"taxonomy":"product_cat","embeddable":true,"href":"https:\/\/www.museuhistoricosl.com.br\/loja\/wp-json\/wp\/v2\/product_cat?post=23117"},{"taxonomy":"product_tag","embeddable":true,"href":"https:\/\/www.museuhistoricosl.com.br\/loja\/wp-json\/wp\/v2\/product_tag?post=23117"}],"curies":[{"name":"wp","href":"https:\/\/api.w.org\/{rel}","templated":true}]}}