{"id":23107,"date":"2022-01-05T10:09:02","date_gmt":"2022-01-05T13:09:02","guid":{"rendered":"https:\/\/www.museuhistoricosl.com.br\/loja\/produto\/sl033-fd-0656-2\/"},"modified":"2022-01-05T10:09:02","modified_gmt":"2022-01-05T13:09:02","slug":"sl033-fd-0656-2","status":"publish","type":"product","link":"https:\/\/www.museuhistoricosl.com.br\/loja\/produto\/sl033-fd-0656-2\/","title":{"rendered":"SL033-FD-0656"},"content":{"rendered":"<p>Escola Lindolfo Collor, Senai, S\u00e3o Leopoldo, Comit\u00ea Apoio \u00e0 Micro e Pequena Empresa em visita ao Senais &#8211; SL, 23\/05\/1984; Escolas; <\/p>\n","protected":false},"excerpt":{"rendered":"<p>Escola Lindolfo Collor, Senai, S\u00e3o Leopoldo, Comit\u00ea Apoio \u00e0 Micro e Pequena Empresa em visita ao Senais &#8211; SL, 23\/05\/1984;<\/p>\n","protected":false},"featured_media":21143,"comment_status":"open","ping_status":"closed","template":"","meta":{"_acf_changed":false},"product_cat":[60],"product_tag":[],"class_list":["post-23107","product","type-product","status-publish","has-post-thumbnail","hentry","product_cat-escolas"],"acf":[],"_links":{"self":[{"href":"https:\/\/www.museuhistoricosl.com.br\/loja\/wp-json\/wp\/v2\/product\/23107","targetHints":{"allow":["GET"]}}],"collection":[{"href":"https:\/\/www.museuhistoricosl.com.br\/loja\/wp-json\/wp\/v2\/product"}],"about":[{"href":"https:\/\/www.museuhistoricosl.com.br\/loja\/wp-json\/wp\/v2\/types\/product"}],"replies":[{"embeddable":true,"href":"https:\/\/www.museuhistoricosl.com.br\/loja\/wp-json\/wp\/v2\/comments?post=23107"}],"wp:featuredmedia":[{"embeddable":true,"href":"https:\/\/www.museuhistoricosl.com.br\/loja\/wp-json\/wp\/v2\/media\/21143"}],"wp:attachment":[{"href":"https:\/\/www.museuhistoricosl.com.br\/loja\/wp-json\/wp\/v2\/media?parent=23107"}],"wp:term":[{"taxonomy":"product_cat","embeddable":true,"href":"https:\/\/www.museuhistoricosl.com.br\/loja\/wp-json\/wp\/v2\/product_cat?post=23107"},{"taxonomy":"product_tag","embeddable":true,"href":"https:\/\/www.museuhistoricosl.com.br\/loja\/wp-json\/wp\/v2\/product_tag?post=23107"}],"curies":[{"name":"wp","href":"https:\/\/api.w.org\/{rel}","templated":true}]}}