{"id":23104,"date":"2022-01-05T10:09:00","date_gmt":"2022-01-05T13:09:00","guid":{"rendered":"https:\/\/www.museuhistoricosl.com.br\/loja\/produto\/sl033-fd-0653-2\/"},"modified":"2022-01-05T10:09:00","modified_gmt":"2022-01-05T13:09:00","slug":"sl033-fd-0653-2","status":"publish","type":"product","link":"https:\/\/www.museuhistoricosl.com.br\/loja\/produto\/sl033-fd-0653-2\/","title":{"rendered":"SL033-FD-0653"},"content":{"rendered":"<p>Escola Lindolfo Collor, Senai, S\u00e3o Leopoldo, inaugura\u00e7\u00e3o do novo pavilh\u00e3o &#8211; vista interna, 17\/06\/1982; Escolas; <\/p>\n","protected":false},"excerpt":{"rendered":"<p>Escola Lindolfo Collor, Senai, S\u00e3o Leopoldo, inaugura\u00e7\u00e3o do novo pavilh\u00e3o &#8211; vista interna, 17\/06\/1982; Escolas;<\/p>\n","protected":false},"featured_media":21137,"comment_status":"open","ping_status":"closed","template":"","meta":{"_acf_changed":false},"product_cat":[60],"product_tag":[],"class_list":["post-23104","product","type-product","status-publish","has-post-thumbnail","hentry","product_cat-escolas"],"acf":[],"_links":{"self":[{"href":"https:\/\/www.museuhistoricosl.com.br\/loja\/wp-json\/wp\/v2\/product\/23104","targetHints":{"allow":["GET"]}}],"collection":[{"href":"https:\/\/www.museuhistoricosl.com.br\/loja\/wp-json\/wp\/v2\/product"}],"about":[{"href":"https:\/\/www.museuhistoricosl.com.br\/loja\/wp-json\/wp\/v2\/types\/product"}],"replies":[{"embeddable":true,"href":"https:\/\/www.museuhistoricosl.com.br\/loja\/wp-json\/wp\/v2\/comments?post=23104"}],"wp:featuredmedia":[{"embeddable":true,"href":"https:\/\/www.museuhistoricosl.com.br\/loja\/wp-json\/wp\/v2\/media\/21137"}],"wp:attachment":[{"href":"https:\/\/www.museuhistoricosl.com.br\/loja\/wp-json\/wp\/v2\/media?parent=23104"}],"wp:term":[{"taxonomy":"product_cat","embeddable":true,"href":"https:\/\/www.museuhistoricosl.com.br\/loja\/wp-json\/wp\/v2\/product_cat?post=23104"},{"taxonomy":"product_tag","embeddable":true,"href":"https:\/\/www.museuhistoricosl.com.br\/loja\/wp-json\/wp\/v2\/product_tag?post=23104"}],"curies":[{"name":"wp","href":"https:\/\/api.w.org\/{rel}","templated":true}]}}