{"id":23088,"date":"2022-01-05T10:08:43","date_gmt":"2022-01-05T13:08:43","guid":{"rendered":"https:\/\/www.museuhistoricosl.com.br\/loja\/produto\/sl033-fd-0637-2\/"},"modified":"2022-01-05T10:08:43","modified_gmt":"2022-01-05T13:08:43","slug":"sl033-fd-0637-2","status":"publish","type":"product","link":"https:\/\/www.museuhistoricosl.com.br\/loja\/produto\/sl033-fd-0637-2\/","title":{"rendered":"SL033-FD-0637"},"content":{"rendered":"<p>Cetempn- Centro Tecn\u00f3logico Mec\u00e2nica de Precis\u00e3o do Senai, Inaugura\u00e7\u00e3o, Inaugura\u00e7\u00e3o,  10\/05\/1983; Escolas; <\/p>\n","protected":false},"excerpt":{"rendered":"<p>Cetempn- Centro Tecn\u00f3logico Mec\u00e2nica de Precis\u00e3o do Senai, Inaugura\u00e7\u00e3o, Inaugura\u00e7\u00e3o, 10\/05\/1983; Escolas;<\/p>\n","protected":false},"featured_media":21105,"comment_status":"open","ping_status":"closed","template":"","meta":{"_acf_changed":false},"product_cat":[60],"product_tag":[],"class_list":["post-23088","product","type-product","status-publish","has-post-thumbnail","hentry","product_cat-escolas"],"acf":[],"_links":{"self":[{"href":"https:\/\/www.museuhistoricosl.com.br\/loja\/wp-json\/wp\/v2\/product\/23088","targetHints":{"allow":["GET"]}}],"collection":[{"href":"https:\/\/www.museuhistoricosl.com.br\/loja\/wp-json\/wp\/v2\/product"}],"about":[{"href":"https:\/\/www.museuhistoricosl.com.br\/loja\/wp-json\/wp\/v2\/types\/product"}],"replies":[{"embeddable":true,"href":"https:\/\/www.museuhistoricosl.com.br\/loja\/wp-json\/wp\/v2\/comments?post=23088"}],"wp:featuredmedia":[{"embeddable":true,"href":"https:\/\/www.museuhistoricosl.com.br\/loja\/wp-json\/wp\/v2\/media\/21105"}],"wp:attachment":[{"href":"https:\/\/www.museuhistoricosl.com.br\/loja\/wp-json\/wp\/v2\/media?parent=23088"}],"wp:term":[{"taxonomy":"product_cat","embeddable":true,"href":"https:\/\/www.museuhistoricosl.com.br\/loja\/wp-json\/wp\/v2\/product_cat?post=23088"},{"taxonomy":"product_tag","embeddable":true,"href":"https:\/\/www.museuhistoricosl.com.br\/loja\/wp-json\/wp\/v2\/product_tag?post=23088"}],"curies":[{"name":"wp","href":"https:\/\/api.w.org\/{rel}","templated":true}]}}