{"id":23082,"date":"2022-01-05T10:08:39","date_gmt":"2022-01-05T13:08:39","guid":{"rendered":"https:\/\/www.museuhistoricosl.com.br\/loja\/produto\/sl033-fd-0631-2\/"},"modified":"2022-01-05T10:08:39","modified_gmt":"2022-01-05T13:08:39","slug":"sl033-fd-0631-2","status":"publish","type":"product","link":"https:\/\/www.museuhistoricosl.com.br\/loja\/produto\/sl033-fd-0631-2\/","title":{"rendered":"SL033-FD-0631"},"content":{"rendered":"<p>Cetempn- Centro Tecn\u00f3logico Mec\u00e2nica de Precis\u00e3o do Senai, Pl\u00ednio Gilberto Kroeff, quando da constru\u00e7\u00e3o; Escolas; <\/p>\n","protected":false},"excerpt":{"rendered":"<p>Cetempn- Centro Tecn\u00f3logico Mec\u00e2nica de Precis\u00e3o do Senai, Pl\u00ednio Gilberto Kroeff, quando da constru\u00e7\u00e3o; Escolas;<\/p>\n","protected":false},"featured_media":21093,"comment_status":"open","ping_status":"closed","template":"","meta":{"_acf_changed":false},"product_cat":[60],"product_tag":[],"class_list":["post-23082","product","type-product","status-publish","has-post-thumbnail","hentry","product_cat-escolas"],"acf":[],"_links":{"self":[{"href":"https:\/\/www.museuhistoricosl.com.br\/loja\/wp-json\/wp\/v2\/product\/23082","targetHints":{"allow":["GET"]}}],"collection":[{"href":"https:\/\/www.museuhistoricosl.com.br\/loja\/wp-json\/wp\/v2\/product"}],"about":[{"href":"https:\/\/www.museuhistoricosl.com.br\/loja\/wp-json\/wp\/v2\/types\/product"}],"replies":[{"embeddable":true,"href":"https:\/\/www.museuhistoricosl.com.br\/loja\/wp-json\/wp\/v2\/comments?post=23082"}],"wp:featuredmedia":[{"embeddable":true,"href":"https:\/\/www.museuhistoricosl.com.br\/loja\/wp-json\/wp\/v2\/media\/21093"}],"wp:attachment":[{"href":"https:\/\/www.museuhistoricosl.com.br\/loja\/wp-json\/wp\/v2\/media?parent=23082"}],"wp:term":[{"taxonomy":"product_cat","embeddable":true,"href":"https:\/\/www.museuhistoricosl.com.br\/loja\/wp-json\/wp\/v2\/product_cat?post=23082"},{"taxonomy":"product_tag","embeddable":true,"href":"https:\/\/www.museuhistoricosl.com.br\/loja\/wp-json\/wp\/v2\/product_tag?post=23082"}],"curies":[{"name":"wp","href":"https:\/\/api.w.org\/{rel}","templated":true}]}}