{"id":23068,"date":"2022-01-05T10:08:29","date_gmt":"2022-01-05T13:08:29","guid":{"rendered":"https:\/\/www.museuhistoricosl.com.br\/loja\/produto\/sl033-fd-0617-2\/"},"modified":"2022-01-05T10:08:29","modified_gmt":"2022-01-05T13:08:29","slug":"sl033-fd-0617-2","status":"publish","type":"product","link":"https:\/\/www.museuhistoricosl.com.br\/loja\/produto\/sl033-fd-0617-2\/","title":{"rendered":"SL033-FD-0617"},"content":{"rendered":"<p>Alunos da Escola Marista de Bom Principio, 1911. Silvio Kraemer, sentado 4\u00ba da esquerda: Ari A. 4\u00ba fila, 6\u00aa fila, 6\u00ba da esquerda? Jos\u00e9 Schlatter (m\u00e9dico em Feliz).- C\u00f3digo anterior de cat\u00e1logo:FD 33.1,17; Escolas; <\/p>\n","protected":false},"excerpt":{"rendered":"<p>Alunos da Escola Marista de Bom Principio, 1911. Silvio Kraemer, sentado 4\u00ba da esquerda: Ari A. 4\u00ba fila, 6\u00aa fila,<\/p>\n","protected":false},"featured_media":21065,"comment_status":"open","ping_status":"closed","template":"","meta":{"_acf_changed":false},"product_cat":[60],"product_tag":[],"class_list":["post-23068","product","type-product","status-publish","has-post-thumbnail","hentry","product_cat-escolas"],"acf":[],"_links":{"self":[{"href":"https:\/\/www.museuhistoricosl.com.br\/loja\/wp-json\/wp\/v2\/product\/23068","targetHints":{"allow":["GET"]}}],"collection":[{"href":"https:\/\/www.museuhistoricosl.com.br\/loja\/wp-json\/wp\/v2\/product"}],"about":[{"href":"https:\/\/www.museuhistoricosl.com.br\/loja\/wp-json\/wp\/v2\/types\/product"}],"replies":[{"embeddable":true,"href":"https:\/\/www.museuhistoricosl.com.br\/loja\/wp-json\/wp\/v2\/comments?post=23068"}],"wp:featuredmedia":[{"embeddable":true,"href":"https:\/\/www.museuhistoricosl.com.br\/loja\/wp-json\/wp\/v2\/media\/21065"}],"wp:attachment":[{"href":"https:\/\/www.museuhistoricosl.com.br\/loja\/wp-json\/wp\/v2\/media?parent=23068"}],"wp:term":[{"taxonomy":"product_cat","embeddable":true,"href":"https:\/\/www.museuhistoricosl.com.br\/loja\/wp-json\/wp\/v2\/product_cat?post=23068"},{"taxonomy":"product_tag","embeddable":true,"href":"https:\/\/www.museuhistoricosl.com.br\/loja\/wp-json\/wp\/v2\/product_tag?post=23068"}],"curies":[{"name":"wp","href":"https:\/\/api.w.org\/{rel}","templated":true}]}}