{"id":23061,"date":"2022-01-05T10:08:22","date_gmt":"2022-01-05T13:08:22","guid":{"rendered":"https:\/\/www.museuhistoricosl.com.br\/loja\/produto\/sl033-fd-0610-2\/"},"modified":"2022-01-05T10:08:22","modified_gmt":"2022-01-05T13:08:22","slug":"sl033-fd-0610-2","status":"publish","type":"product","link":"https:\/\/www.museuhistoricosl.com.br\/loja\/produto\/sl033-fd-0610-2\/","title":{"rendered":"SL033-FD-0610"},"content":{"rendered":"<p>Escola da Comunidade Evang\u00e9lica (Gin\u00e1sio Sinodal). Arroio do Padre, S\u00e3o Louren\u00e7o do Sul.- C\u00f3digo anterior de cat\u00e1logo:FD 33.1,10; Escolas; <\/p>\n","protected":false},"excerpt":{"rendered":"<p>Escola da Comunidade Evang\u00e9lica (Gin\u00e1sio Sinodal). Arroio do Padre, S\u00e3o Louren\u00e7o do Sul.- C\u00f3digo anterior de cat\u00e1logo:FD 33.1,10; Escolas;<\/p>\n","protected":false},"featured_media":21051,"comment_status":"open","ping_status":"closed","template":"","meta":{"_acf_changed":false},"product_cat":[60],"product_tag":[],"class_list":["post-23061","product","type-product","status-publish","has-post-thumbnail","hentry","product_cat-escolas"],"acf":[],"_links":{"self":[{"href":"https:\/\/www.museuhistoricosl.com.br\/loja\/wp-json\/wp\/v2\/product\/23061","targetHints":{"allow":["GET"]}}],"collection":[{"href":"https:\/\/www.museuhistoricosl.com.br\/loja\/wp-json\/wp\/v2\/product"}],"about":[{"href":"https:\/\/www.museuhistoricosl.com.br\/loja\/wp-json\/wp\/v2\/types\/product"}],"replies":[{"embeddable":true,"href":"https:\/\/www.museuhistoricosl.com.br\/loja\/wp-json\/wp\/v2\/comments?post=23061"}],"wp:featuredmedia":[{"embeddable":true,"href":"https:\/\/www.museuhistoricosl.com.br\/loja\/wp-json\/wp\/v2\/media\/21051"}],"wp:attachment":[{"href":"https:\/\/www.museuhistoricosl.com.br\/loja\/wp-json\/wp\/v2\/media?parent=23061"}],"wp:term":[{"taxonomy":"product_cat","embeddable":true,"href":"https:\/\/www.museuhistoricosl.com.br\/loja\/wp-json\/wp\/v2\/product_cat?post=23061"},{"taxonomy":"product_tag","embeddable":true,"href":"https:\/\/www.museuhistoricosl.com.br\/loja\/wp-json\/wp\/v2\/product_tag?post=23061"}],"curies":[{"name":"wp","href":"https:\/\/api.w.org\/{rel}","templated":true}]}}