{"id":23042,"date":"2022-01-05T10:08:11","date_gmt":"2022-01-05T13:08:11","guid":{"rendered":"https:\/\/www.museuhistoricosl.com.br\/loja\/produto\/sl033-fd-0591-2\/"},"modified":"2022-01-05T10:08:11","modified_gmt":"2022-01-05T13:08:11","slug":"sl033-fd-0591-2","status":"publish","type":"product","link":"https:\/\/www.museuhistoricosl.com.br\/loja\/produto\/sl033-fd-0591-2\/","title":{"rendered":"SL033-FD-0591"},"content":{"rendered":"<p>Escola Santa Teresinha, rua Lindolfo Collor esquina Bento Gol\u00e7alves., Era de 1\u00ba grau e pertencia ao C\u00edrculo Oper\u00e1rio de S\u00e3o Lepoldo que foi o 2\u00ba C\u00edrculo no Estado., Ao fundo a capelinha dos Passos das Irm\u00e3s Carmelitas, \u00fanica coisa que sobrou quando o Shopping foi constru\u00eddo.; Escolas; <\/p>\n","protected":false},"excerpt":{"rendered":"<p>Escola Santa Teresinha, rua Lindolfo Collor esquina Bento Gol\u00e7alves., Era de 1\u00ba grau e pertencia ao C\u00edrculo Oper\u00e1rio de S\u00e3o<\/p>\n","protected":false},"featured_media":21013,"comment_status":"open","ping_status":"closed","template":"","meta":{"_acf_changed":false},"product_cat":[60],"product_tag":[],"class_list":["post-23042","product","type-product","status-publish","has-post-thumbnail","hentry","product_cat-escolas"],"acf":[],"_links":{"self":[{"href":"https:\/\/www.museuhistoricosl.com.br\/loja\/wp-json\/wp\/v2\/product\/23042","targetHints":{"allow":["GET"]}}],"collection":[{"href":"https:\/\/www.museuhistoricosl.com.br\/loja\/wp-json\/wp\/v2\/product"}],"about":[{"href":"https:\/\/www.museuhistoricosl.com.br\/loja\/wp-json\/wp\/v2\/types\/product"}],"replies":[{"embeddable":true,"href":"https:\/\/www.museuhistoricosl.com.br\/loja\/wp-json\/wp\/v2\/comments?post=23042"}],"wp:featuredmedia":[{"embeddable":true,"href":"https:\/\/www.museuhistoricosl.com.br\/loja\/wp-json\/wp\/v2\/media\/21013"}],"wp:attachment":[{"href":"https:\/\/www.museuhistoricosl.com.br\/loja\/wp-json\/wp\/v2\/media?parent=23042"}],"wp:term":[{"taxonomy":"product_cat","embeddable":true,"href":"https:\/\/www.museuhistoricosl.com.br\/loja\/wp-json\/wp\/v2\/product_cat?post=23042"},{"taxonomy":"product_tag","embeddable":true,"href":"https:\/\/www.museuhistoricosl.com.br\/loja\/wp-json\/wp\/v2\/product_tag?post=23042"}],"curies":[{"name":"wp","href":"https:\/\/api.w.org\/{rel}","templated":true}]}}