{"id":23020,"date":"2022-01-05T10:07:53","date_gmt":"2022-01-05T13:07:53","guid":{"rendered":"https:\/\/www.museuhistoricosl.com.br\/loja\/produto\/sl033-fd-0569-2\/"},"modified":"2022-01-05T10:07:53","modified_gmt":"2022-01-05T13:07:53","slug":"sl033-fd-0569-2","status":"publish","type":"product","link":"https:\/\/www.museuhistoricosl.com.br\/loja\/produto\/sl033-fd-0569-2\/","title":{"rendered":"SL033-FD-0569"},"content":{"rendered":"<p>Joachim Freickerr Von Jena c\u00f4nsul da Rep. Fed. Alem\u00e3, de \u00f3culos Pref. Sel\u00fae man, diretor do Senai de S\u00e3o Leopoldo, 04\/1982; Escolas; <\/p>\n","protected":false},"excerpt":{"rendered":"<p>Joachim Freickerr Von Jena c\u00f4nsul da Rep. Fed. Alem\u00e3, de \u00f3culos Pref. Sel\u00fae man, diretor do Senai de S\u00e3o Leopoldo,<\/p>\n","protected":false},"featured_media":20969,"comment_status":"open","ping_status":"closed","template":"","meta":{"_acf_changed":false},"product_cat":[60],"product_tag":[],"class_list":["post-23020","product","type-product","status-publish","has-post-thumbnail","hentry","product_cat-escolas"],"acf":[],"_links":{"self":[{"href":"https:\/\/www.museuhistoricosl.com.br\/loja\/wp-json\/wp\/v2\/product\/23020","targetHints":{"allow":["GET"]}}],"collection":[{"href":"https:\/\/www.museuhistoricosl.com.br\/loja\/wp-json\/wp\/v2\/product"}],"about":[{"href":"https:\/\/www.museuhistoricosl.com.br\/loja\/wp-json\/wp\/v2\/types\/product"}],"replies":[{"embeddable":true,"href":"https:\/\/www.museuhistoricosl.com.br\/loja\/wp-json\/wp\/v2\/comments?post=23020"}],"wp:featuredmedia":[{"embeddable":true,"href":"https:\/\/www.museuhistoricosl.com.br\/loja\/wp-json\/wp\/v2\/media\/20969"}],"wp:attachment":[{"href":"https:\/\/www.museuhistoricosl.com.br\/loja\/wp-json\/wp\/v2\/media?parent=23020"}],"wp:term":[{"taxonomy":"product_cat","embeddable":true,"href":"https:\/\/www.museuhistoricosl.com.br\/loja\/wp-json\/wp\/v2\/product_cat?post=23020"},{"taxonomy":"product_tag","embeddable":true,"href":"https:\/\/www.museuhistoricosl.com.br\/loja\/wp-json\/wp\/v2\/product_tag?post=23020"}],"curies":[{"name":"wp","href":"https:\/\/api.w.org\/{rel}","templated":true}]}}