{"id":22997,"date":"2022-01-05T10:07:37","date_gmt":"2022-01-05T13:07:37","guid":{"rendered":"https:\/\/www.museuhistoricosl.com.br\/loja\/produto\/sl033-fd-0544-2\/"},"modified":"2022-01-05T10:07:37","modified_gmt":"2022-01-05T13:07:37","slug":"sl033-fd-0544-2","status":"publish","type":"product","link":"https:\/\/www.museuhistoricosl.com.br\/loja\/produto\/sl033-fd-0544-2\/","title":{"rendered":"SL033-FD-0544"},"content":{"rendered":"<p>Col\u00e9gio Agr\u00edcola Visconde de S\u00e3o Leopoldo, Bairro Freitoria, Festa Anual da \u00c1rvore, Plantio de muda na 2\u00aa DE, promo\u00e7\u00e3o da Escola Estadual de II Grau Visconde de S\u00e3o Leopoldo,  09\/1985; Escolas; <\/p>\n","protected":false},"excerpt":{"rendered":"<p>Col\u00e9gio Agr\u00edcola Visconde de S\u00e3o Leopoldo, Bairro Freitoria, Festa Anual da \u00c1rvore, Plantio de muda na 2\u00aa DE, promo\u00e7\u00e3o da<\/p>\n","protected":false},"featured_media":20923,"comment_status":"open","ping_status":"closed","template":"","meta":{"_acf_changed":false},"product_cat":[60],"product_tag":[],"class_list":["post-22997","product","type-product","status-publish","has-post-thumbnail","hentry","product_cat-escolas"],"acf":[],"_links":{"self":[{"href":"https:\/\/www.museuhistoricosl.com.br\/loja\/wp-json\/wp\/v2\/product\/22997","targetHints":{"allow":["GET"]}}],"collection":[{"href":"https:\/\/www.museuhistoricosl.com.br\/loja\/wp-json\/wp\/v2\/product"}],"about":[{"href":"https:\/\/www.museuhistoricosl.com.br\/loja\/wp-json\/wp\/v2\/types\/product"}],"replies":[{"embeddable":true,"href":"https:\/\/www.museuhistoricosl.com.br\/loja\/wp-json\/wp\/v2\/comments?post=22997"}],"wp:featuredmedia":[{"embeddable":true,"href":"https:\/\/www.museuhistoricosl.com.br\/loja\/wp-json\/wp\/v2\/media\/20923"}],"wp:attachment":[{"href":"https:\/\/www.museuhistoricosl.com.br\/loja\/wp-json\/wp\/v2\/media?parent=22997"}],"wp:term":[{"taxonomy":"product_cat","embeddable":true,"href":"https:\/\/www.museuhistoricosl.com.br\/loja\/wp-json\/wp\/v2\/product_cat?post=22997"},{"taxonomy":"product_tag","embeddable":true,"href":"https:\/\/www.museuhistoricosl.com.br\/loja\/wp-json\/wp\/v2\/product_tag?post=22997"}],"curies":[{"name":"wp","href":"https:\/\/api.w.org\/{rel}","templated":true}]}}