{"id":22991,"date":"2022-01-05T10:07:33","date_gmt":"2022-01-05T13:07:33","guid":{"rendered":"https:\/\/www.museuhistoricosl.com.br\/loja\/produto\/sl033-fd-0538-2\/"},"modified":"2022-01-05T10:07:33","modified_gmt":"2022-01-05T13:07:33","slug":"sl033-fd-0538-2","status":"publish","type":"product","link":"https:\/\/www.museuhistoricosl.com.br\/loja\/produto\/sl033-fd-0538-2\/","title":{"rendered":"SL033-FD-0538"},"content":{"rendered":"<p>Col\u00e9gio Agr\u00edcola Visconde de S\u00e3o Leopoldo, Bairro Freitoria, Escola Estadual de II Grau Visconde de S\u00e3o Leopoldo, Jantar de confraterniza\u00e7\u00e3o de formandos, 17\/12\/1984; Escolas; <\/p>\n","protected":false},"excerpt":{"rendered":"<p>Col\u00e9gio Agr\u00edcola Visconde de S\u00e3o Leopoldo, Bairro Freitoria, Escola Estadual de II Grau Visconde de S\u00e3o Leopoldo, Jantar de confraterniza\u00e7\u00e3o<\/p>\n","protected":false},"featured_media":20911,"comment_status":"open","ping_status":"closed","template":"","meta":{"_acf_changed":false},"product_cat":[60],"product_tag":[],"class_list":["post-22991","product","type-product","status-publish","has-post-thumbnail","hentry","product_cat-escolas"],"acf":[],"_links":{"self":[{"href":"https:\/\/www.museuhistoricosl.com.br\/loja\/wp-json\/wp\/v2\/product\/22991","targetHints":{"allow":["GET"]}}],"collection":[{"href":"https:\/\/www.museuhistoricosl.com.br\/loja\/wp-json\/wp\/v2\/product"}],"about":[{"href":"https:\/\/www.museuhistoricosl.com.br\/loja\/wp-json\/wp\/v2\/types\/product"}],"replies":[{"embeddable":true,"href":"https:\/\/www.museuhistoricosl.com.br\/loja\/wp-json\/wp\/v2\/comments?post=22991"}],"wp:featuredmedia":[{"embeddable":true,"href":"https:\/\/www.museuhistoricosl.com.br\/loja\/wp-json\/wp\/v2\/media\/20911"}],"wp:attachment":[{"href":"https:\/\/www.museuhistoricosl.com.br\/loja\/wp-json\/wp\/v2\/media?parent=22991"}],"wp:term":[{"taxonomy":"product_cat","embeddable":true,"href":"https:\/\/www.museuhistoricosl.com.br\/loja\/wp-json\/wp\/v2\/product_cat?post=22991"},{"taxonomy":"product_tag","embeddable":true,"href":"https:\/\/www.museuhistoricosl.com.br\/loja\/wp-json\/wp\/v2\/product_tag?post=22991"}],"curies":[{"name":"wp","href":"https:\/\/api.w.org\/{rel}","templated":true}]}}