{"id":22987,"date":"2022-01-05T10:07:31","date_gmt":"2022-01-05T13:07:31","guid":{"rendered":"https:\/\/www.museuhistoricosl.com.br\/loja\/produto\/sl033-fd-0534-2\/"},"modified":"2022-01-05T10:07:31","modified_gmt":"2022-01-05T13:07:31","slug":"sl033-fd-0534-2","status":"publish","type":"product","link":"https:\/\/www.museuhistoricosl.com.br\/loja\/produto\/sl033-fd-0534-2\/","title":{"rendered":"SL033-FD-0534"},"content":{"rendered":"<p>Col\u00e9gio Agr\u00edcola Visconde de S\u00e3o Leopoldo, Bairro Freitoria, Escola Estadual de II Grau Visconde de S\u00e3o Leopoldo, 40 anos, Autores Locaio doou livros a biblioteca, Carlos de Souza U???, Ribeiro Pires, ???, T.L. M\u00fcller, 11\/10\/1984; Escolas; <\/p>\n","protected":false},"excerpt":{"rendered":"<p>Col\u00e9gio Agr\u00edcola Visconde de S\u00e3o Leopoldo, Bairro Freitoria, Escola Estadual de II Grau Visconde de S\u00e3o Leopoldo, 40 anos, Autores<\/p>\n","protected":false},"featured_media":20903,"comment_status":"open","ping_status":"closed","template":"","meta":{"_acf_changed":false},"product_cat":[60],"product_tag":[],"class_list":["post-22987","product","type-product","status-publish","has-post-thumbnail","hentry","product_cat-escolas"],"acf":[],"_links":{"self":[{"href":"https:\/\/www.museuhistoricosl.com.br\/loja\/wp-json\/wp\/v2\/product\/22987","targetHints":{"allow":["GET"]}}],"collection":[{"href":"https:\/\/www.museuhistoricosl.com.br\/loja\/wp-json\/wp\/v2\/product"}],"about":[{"href":"https:\/\/www.museuhistoricosl.com.br\/loja\/wp-json\/wp\/v2\/types\/product"}],"replies":[{"embeddable":true,"href":"https:\/\/www.museuhistoricosl.com.br\/loja\/wp-json\/wp\/v2\/comments?post=22987"}],"wp:featuredmedia":[{"embeddable":true,"href":"https:\/\/www.museuhistoricosl.com.br\/loja\/wp-json\/wp\/v2\/media\/20903"}],"wp:attachment":[{"href":"https:\/\/www.museuhistoricosl.com.br\/loja\/wp-json\/wp\/v2\/media?parent=22987"}],"wp:term":[{"taxonomy":"product_cat","embeddable":true,"href":"https:\/\/www.museuhistoricosl.com.br\/loja\/wp-json\/wp\/v2\/product_cat?post=22987"},{"taxonomy":"product_tag","embeddable":true,"href":"https:\/\/www.museuhistoricosl.com.br\/loja\/wp-json\/wp\/v2\/product_tag?post=22987"}],"curies":[{"name":"wp","href":"https:\/\/api.w.org\/{rel}","templated":true}]}}