{"id":22981,"date":"2022-01-05T10:07:29","date_gmt":"2022-01-05T13:07:29","guid":{"rendered":"https:\/\/www.museuhistoricosl.com.br\/loja\/produto\/sl033-fd-0528-2\/"},"modified":"2022-01-05T10:07:29","modified_gmt":"2022-01-05T13:07:29","slug":"sl033-fd-0528-2","status":"publish","type":"product","link":"https:\/\/www.museuhistoricosl.com.br\/loja\/produto\/sl033-fd-0528-2\/","title":{"rendered":"SL033-FD-0528"},"content":{"rendered":"<p>Col\u00e9gio Agr\u00edcola Visconde de S\u00e3o Leopoldo, Bairro Freitoria, Abertura do ciclo de palestras t\u00e9cnico florestal, local: Escola Estadual de 2\u00ba Grau &#8220;Visconde de S\u00e3o Leopoldo&#8221;, palestrante: eng. Florestal, Jos\u00e9 Salles Mariano da Rocha da UFSM, 07\/11\/1983; Escolas; <\/p>\n","protected":false},"excerpt":{"rendered":"<p>Col\u00e9gio Agr\u00edcola Visconde de S\u00e3o Leopoldo, Bairro Freitoria, Abertura do ciclo de palestras t\u00e9cnico florestal, local: Escola Estadual de 2\u00ba<\/p>\n","protected":false},"featured_media":20891,"comment_status":"open","ping_status":"closed","template":"","meta":{"_acf_changed":false},"product_cat":[60],"product_tag":[],"class_list":["post-22981","product","type-product","status-publish","has-post-thumbnail","hentry","product_cat-escolas"],"acf":[],"_links":{"self":[{"href":"https:\/\/www.museuhistoricosl.com.br\/loja\/wp-json\/wp\/v2\/product\/22981","targetHints":{"allow":["GET"]}}],"collection":[{"href":"https:\/\/www.museuhistoricosl.com.br\/loja\/wp-json\/wp\/v2\/product"}],"about":[{"href":"https:\/\/www.museuhistoricosl.com.br\/loja\/wp-json\/wp\/v2\/types\/product"}],"replies":[{"embeddable":true,"href":"https:\/\/www.museuhistoricosl.com.br\/loja\/wp-json\/wp\/v2\/comments?post=22981"}],"wp:featuredmedia":[{"embeddable":true,"href":"https:\/\/www.museuhistoricosl.com.br\/loja\/wp-json\/wp\/v2\/media\/20891"}],"wp:attachment":[{"href":"https:\/\/www.museuhistoricosl.com.br\/loja\/wp-json\/wp\/v2\/media?parent=22981"}],"wp:term":[{"taxonomy":"product_cat","embeddable":true,"href":"https:\/\/www.museuhistoricosl.com.br\/loja\/wp-json\/wp\/v2\/product_cat?post=22981"},{"taxonomy":"product_tag","embeddable":true,"href":"https:\/\/www.museuhistoricosl.com.br\/loja\/wp-json\/wp\/v2\/product_tag?post=22981"}],"curies":[{"name":"wp","href":"https:\/\/api.w.org\/{rel}","templated":true}]}}