{"id":22936,"date":"2022-01-05T10:06:47","date_gmt":"2022-01-05T13:06:47","guid":{"rendered":"https:\/\/www.museuhistoricosl.com.br\/loja\/produto\/sl033-fd-0483-2\/"},"modified":"2022-01-05T10:06:47","modified_gmt":"2022-01-05T13:06:47","slug":"sl033-fd-0483-2","status":"publish","type":"product","link":"https:\/\/www.museuhistoricosl.com.br\/loja\/produto\/sl033-fd-0483-2\/","title":{"rendered":"SL033-FD-0483"},"content":{"rendered":"<p>Alunos da Funda\u00e7\u00e3o Evang\u00e9lica de NH, participando da Feira Nacional de Ci\u00eancias &#8211; III Fenaci e Feira Estadual de Ci\u00eancias &#8211; IX Fecirs representando a 2\u00aa Regi\u00e3o Escolar da 2\u00ba Delegacia de Educa\u00e7\u00e3o, 17\/11\/1986; Escolas; <\/p>\n","protected":false},"excerpt":{"rendered":"<p>Alunos da Funda\u00e7\u00e3o Evang\u00e9lica de NH, participando da Feira Nacional de Ci\u00eancias &#8211; III Fenaci e Feira Estadual de Ci\u00eancias<\/p>\n","protected":false},"featured_media":20801,"comment_status":"open","ping_status":"closed","template":"","meta":{"_acf_changed":false},"product_cat":[60],"product_tag":[],"class_list":["post-22936","product","type-product","status-publish","has-post-thumbnail","hentry","product_cat-escolas"],"acf":[],"_links":{"self":[{"href":"https:\/\/www.museuhistoricosl.com.br\/loja\/wp-json\/wp\/v2\/product\/22936","targetHints":{"allow":["GET"]}}],"collection":[{"href":"https:\/\/www.museuhistoricosl.com.br\/loja\/wp-json\/wp\/v2\/product"}],"about":[{"href":"https:\/\/www.museuhistoricosl.com.br\/loja\/wp-json\/wp\/v2\/types\/product"}],"replies":[{"embeddable":true,"href":"https:\/\/www.museuhistoricosl.com.br\/loja\/wp-json\/wp\/v2\/comments?post=22936"}],"wp:featuredmedia":[{"embeddable":true,"href":"https:\/\/www.museuhistoricosl.com.br\/loja\/wp-json\/wp\/v2\/media\/20801"}],"wp:attachment":[{"href":"https:\/\/www.museuhistoricosl.com.br\/loja\/wp-json\/wp\/v2\/media?parent=22936"}],"wp:term":[{"taxonomy":"product_cat","embeddable":true,"href":"https:\/\/www.museuhistoricosl.com.br\/loja\/wp-json\/wp\/v2\/product_cat?post=22936"},{"taxonomy":"product_tag","embeddable":true,"href":"https:\/\/www.museuhistoricosl.com.br\/loja\/wp-json\/wp\/v2\/product_tag?post=22936"}],"curies":[{"name":"wp","href":"https:\/\/api.w.org\/{rel}","templated":true}]}}