{"id":22931,"date":"2022-01-05T10:06:44","date_gmt":"2022-01-05T13:06:44","guid":{"rendered":"https:\/\/www.museuhistoricosl.com.br\/loja\/produto\/sl033-fd-0478-2\/"},"modified":"2022-01-05T10:06:44","modified_gmt":"2022-01-05T13:06:44","slug":"sl033-fd-0478-2","status":"publish","type":"product","link":"https:\/\/www.museuhistoricosl.com.br\/loja\/produto\/sl033-fd-0478-2\/","title":{"rendered":"SL033-FD-0478"},"content":{"rendered":"<p>Ilmo Sr. Prof. Thelmod M\u00fcller, Museu H. Visc. S\u00e3o Leopoldo, Os agradecimentos da 1\u00aa s\u00e9rie B&#8217; do Col. Sinodal pelas explica\u00e7\u00f5es e votos de Feliz P\u00e1scoa!, SL. 14\/04\/1965, Silvana Steigleder, Carolina Silva, Daisy Boeckel, Ricardo Noll, Mario J. Rossi, Julio Besbou, Carlos Laug, Huberto Jansel Jr., Dante Schmitt, Elio J. Mastzenbacker, Minton Keller, Roberto Sassenz, Rog\u00e9rio Schuster, Esther Barden, Aldo M\u00f6ller, Carlos L\u00fcthe, Jo\u00e3o C. Teiderz?, Carlos F. Bier, Sergio L. Wolmer, Lauro Cezar, Paulo Schmidt, Carlos G. Henn, Andr\u00e9 C. Eltz, Wilson Hauschild, Eduardo Albucht, Luis F. Dreher, Vitor Peterson.; Escolas; <\/p>\n","protected":false},"excerpt":{"rendered":"<p>Ilmo Sr. Prof. Thelmod M\u00fcller, Museu H. Visc. S\u00e3o Leopoldo, Os agradecimentos da 1\u00aa s\u00e9rie B&#8217; do Col. Sinodal pelas<\/p>\n","protected":false},"featured_media":20791,"comment_status":"open","ping_status":"closed","template":"","meta":{"_acf_changed":false},"product_cat":[60],"product_tag":[],"class_list":["post-22931","product","type-product","status-publish","has-post-thumbnail","hentry","product_cat-escolas"],"acf":[],"_links":{"self":[{"href":"https:\/\/www.museuhistoricosl.com.br\/loja\/wp-json\/wp\/v2\/product\/22931","targetHints":{"allow":["GET"]}}],"collection":[{"href":"https:\/\/www.museuhistoricosl.com.br\/loja\/wp-json\/wp\/v2\/product"}],"about":[{"href":"https:\/\/www.museuhistoricosl.com.br\/loja\/wp-json\/wp\/v2\/types\/product"}],"replies":[{"embeddable":true,"href":"https:\/\/www.museuhistoricosl.com.br\/loja\/wp-json\/wp\/v2\/comments?post=22931"}],"wp:featuredmedia":[{"embeddable":true,"href":"https:\/\/www.museuhistoricosl.com.br\/loja\/wp-json\/wp\/v2\/media\/20791"}],"wp:attachment":[{"href":"https:\/\/www.museuhistoricosl.com.br\/loja\/wp-json\/wp\/v2\/media?parent=22931"}],"wp:term":[{"taxonomy":"product_cat","embeddable":true,"href":"https:\/\/www.museuhistoricosl.com.br\/loja\/wp-json\/wp\/v2\/product_cat?post=22931"},{"taxonomy":"product_tag","embeddable":true,"href":"https:\/\/www.museuhistoricosl.com.br\/loja\/wp-json\/wp\/v2\/product_tag?post=22931"}],"curies":[{"name":"wp","href":"https:\/\/api.w.org\/{rel}","templated":true}]}}