{"id":22913,"date":"2022-01-05T10:06:31","date_gmt":"2022-01-05T13:06:31","guid":{"rendered":"https:\/\/www.museuhistoricosl.com.br\/loja\/produto\/sl033-fd-0460-2\/"},"modified":"2022-01-05T10:06:31","modified_gmt":"2022-01-05T13:06:31","slug":"sl033-fd-0460-2","status":"publish","type":"product","link":"https:\/\/www.museuhistoricosl.com.br\/loja\/produto\/sl033-fd-0460-2\/","title":{"rendered":"SL033-FD-0460"},"content":{"rendered":"<p>Inaugura\u00e7\u00e3o, Entrega das chaves da nova Escola Estadual da COHAB-Duque \u00e0 comunidade, S\u00e3o Leopoldo, Foto Nilson, 09\/1992; Escolas; <\/p>\n","protected":false},"excerpt":{"rendered":"<p>Inaugura\u00e7\u00e3o, Entrega das chaves da nova Escola Estadual da COHAB-Duque \u00e0 comunidade, S\u00e3o Leopoldo, Foto Nilson, 09\/1992; Escolas;<\/p>\n","protected":false},"featured_media":20755,"comment_status":"open","ping_status":"closed","template":"","meta":{"_acf_changed":false},"product_cat":[60],"product_tag":[],"class_list":["post-22913","product","type-product","status-publish","has-post-thumbnail","hentry","product_cat-escolas"],"acf":[],"_links":{"self":[{"href":"https:\/\/www.museuhistoricosl.com.br\/loja\/wp-json\/wp\/v2\/product\/22913","targetHints":{"allow":["GET"]}}],"collection":[{"href":"https:\/\/www.museuhistoricosl.com.br\/loja\/wp-json\/wp\/v2\/product"}],"about":[{"href":"https:\/\/www.museuhistoricosl.com.br\/loja\/wp-json\/wp\/v2\/types\/product"}],"replies":[{"embeddable":true,"href":"https:\/\/www.museuhistoricosl.com.br\/loja\/wp-json\/wp\/v2\/comments?post=22913"}],"wp:featuredmedia":[{"embeddable":true,"href":"https:\/\/www.museuhistoricosl.com.br\/loja\/wp-json\/wp\/v2\/media\/20755"}],"wp:attachment":[{"href":"https:\/\/www.museuhistoricosl.com.br\/loja\/wp-json\/wp\/v2\/media?parent=22913"}],"wp:term":[{"taxonomy":"product_cat","embeddable":true,"href":"https:\/\/www.museuhistoricosl.com.br\/loja\/wp-json\/wp\/v2\/product_cat?post=22913"},{"taxonomy":"product_tag","embeddable":true,"href":"https:\/\/www.museuhistoricosl.com.br\/loja\/wp-json\/wp\/v2\/product_tag?post=22913"}],"curies":[{"name":"wp","href":"https:\/\/api.w.org\/{rel}","templated":true}]}}