{"id":22827,"date":"2022-01-05T10:05:34","date_gmt":"2022-01-05T13:05:34","guid":{"rendered":"https:\/\/www.museuhistoricosl.com.br\/loja\/produto\/sl033-fd-0374-2\/"},"modified":"2022-01-05T10:05:34","modified_gmt":"2022-01-05T13:05:34","slug":"sl033-fd-0374-2","status":"publish","type":"product","link":"https:\/\/www.museuhistoricosl.com.br\/loja\/produto\/sl033-fd-0374-2\/","title":{"rendered":"SL033-FD-0374"},"content":{"rendered":"<p>Alunos da Escola Estadual de II Grau Visconde de S\u00e3o Leopoldo, (Col\u00e9gio ex-Agr\u00edcola), 17\/08\/1983; Escolas; <\/p>\n","protected":false},"excerpt":{"rendered":"<p>Alunos da Escola Estadual de II Grau Visconde de S\u00e3o Leopoldo, (Col\u00e9gio ex-Agr\u00edcola), 17\/08\/1983; Escolas;<\/p>\n","protected":false},"featured_media":20583,"comment_status":"open","ping_status":"closed","template":"","meta":{"_acf_changed":false},"product_cat":[60],"product_tag":[],"class_list":["post-22827","product","type-product","status-publish","has-post-thumbnail","hentry","product_cat-escolas"],"acf":[],"_links":{"self":[{"href":"https:\/\/www.museuhistoricosl.com.br\/loja\/wp-json\/wp\/v2\/product\/22827","targetHints":{"allow":["GET"]}}],"collection":[{"href":"https:\/\/www.museuhistoricosl.com.br\/loja\/wp-json\/wp\/v2\/product"}],"about":[{"href":"https:\/\/www.museuhistoricosl.com.br\/loja\/wp-json\/wp\/v2\/types\/product"}],"replies":[{"embeddable":true,"href":"https:\/\/www.museuhistoricosl.com.br\/loja\/wp-json\/wp\/v2\/comments?post=22827"}],"wp:featuredmedia":[{"embeddable":true,"href":"https:\/\/www.museuhistoricosl.com.br\/loja\/wp-json\/wp\/v2\/media\/20583"}],"wp:attachment":[{"href":"https:\/\/www.museuhistoricosl.com.br\/loja\/wp-json\/wp\/v2\/media?parent=22827"}],"wp:term":[{"taxonomy":"product_cat","embeddable":true,"href":"https:\/\/www.museuhistoricosl.com.br\/loja\/wp-json\/wp\/v2\/product_cat?post=22827"},{"taxonomy":"product_tag","embeddable":true,"href":"https:\/\/www.museuhistoricosl.com.br\/loja\/wp-json\/wp\/v2\/product_tag?post=22827"}],"curies":[{"name":"wp","href":"https:\/\/api.w.org\/{rel}","templated":true}]}}