{"id":22737,"date":"2022-01-05T10:04:24","date_gmt":"2022-01-05T13:04:24","guid":{"rendered":"https:\/\/www.museuhistoricosl.com.br\/loja\/produto\/sl033-fd-0284-2\/"},"modified":"2022-01-05T10:04:24","modified_gmt":"2022-01-05T13:04:24","slug":"sl033-fd-0284-2","status":"publish","type":"product","link":"https:\/\/www.museuhistoricosl.com.br\/loja\/produto\/sl033-fd-0284-2\/","title":{"rendered":"SL033-FD-0284"},"content":{"rendered":"<p>Escola Municipal Bento Gon\u00e7alves,Morro do Paula, constru\u00e7\u00e3o de novas salas de aula, Foto Assessoria Imprensa\/Prefeitura, 16\/04\/1992; Escolas; <\/p>\n","protected":false},"excerpt":{"rendered":"<p>Escola Municipal Bento Gon\u00e7alves,Morro do Paula, constru\u00e7\u00e3o de novas salas de aula, Foto Assessoria Imprensa\/Prefeitura, 16\/04\/1992; Escolas;<\/p>\n","protected":false},"featured_media":20403,"comment_status":"open","ping_status":"closed","template":"","meta":{"_acf_changed":false},"product_cat":[60],"product_tag":[],"class_list":["post-22737","product","type-product","status-publish","has-post-thumbnail","hentry","product_cat-escolas"],"acf":[],"_links":{"self":[{"href":"https:\/\/www.museuhistoricosl.com.br\/loja\/wp-json\/wp\/v2\/product\/22737","targetHints":{"allow":["GET"]}}],"collection":[{"href":"https:\/\/www.museuhistoricosl.com.br\/loja\/wp-json\/wp\/v2\/product"}],"about":[{"href":"https:\/\/www.museuhistoricosl.com.br\/loja\/wp-json\/wp\/v2\/types\/product"}],"replies":[{"embeddable":true,"href":"https:\/\/www.museuhistoricosl.com.br\/loja\/wp-json\/wp\/v2\/comments?post=22737"}],"wp:featuredmedia":[{"embeddable":true,"href":"https:\/\/www.museuhistoricosl.com.br\/loja\/wp-json\/wp\/v2\/media\/20403"}],"wp:attachment":[{"href":"https:\/\/www.museuhistoricosl.com.br\/loja\/wp-json\/wp\/v2\/media?parent=22737"}],"wp:term":[{"taxonomy":"product_cat","embeddable":true,"href":"https:\/\/www.museuhistoricosl.com.br\/loja\/wp-json\/wp\/v2\/product_cat?post=22737"},{"taxonomy":"product_tag","embeddable":true,"href":"https:\/\/www.museuhistoricosl.com.br\/loja\/wp-json\/wp\/v2\/product_tag?post=22737"}],"curies":[{"name":"wp","href":"https:\/\/api.w.org\/{rel}","templated":true}]}}