{"id":22722,"date":"2022-01-05T10:04:14","date_gmt":"2022-01-05T13:04:14","guid":{"rendered":"https:\/\/www.museuhistoricosl.com.br\/loja\/produto\/sl033-fd-0269-2\/"},"modified":"2022-01-05T10:04:14","modified_gmt":"2022-01-05T13:04:14","slug":"sl033-fd-0269-2","status":"publish","type":"product","link":"https:\/\/www.museuhistoricosl.com.br\/loja\/produto\/sl033-fd-0269-2\/","title":{"rendered":"SL033-FD-0269"},"content":{"rendered":"<p>Alunos da Escola Sagrado Cora\u00e7\u00e3o de Jesus, debatem cidadania, Scharlau, S\u00e3o Leopoldo, Foto Nilson Winter, 08\/1993; Escolas; <\/p>\n","protected":false},"excerpt":{"rendered":"<p>Alunos da Escola Sagrado Cora\u00e7\u00e3o de Jesus, debatem cidadania, Scharlau, S\u00e3o Leopoldo, Foto Nilson Winter, 08\/1993; Escolas;<\/p>\n","protected":false},"featured_media":20373,"comment_status":"open","ping_status":"closed","template":"","meta":{"_acf_changed":false},"product_cat":[60],"product_tag":[],"class_list":["post-22722","product","type-product","status-publish","has-post-thumbnail","hentry","product_cat-escolas"],"acf":[],"_links":{"self":[{"href":"https:\/\/www.museuhistoricosl.com.br\/loja\/wp-json\/wp\/v2\/product\/22722","targetHints":{"allow":["GET"]}}],"collection":[{"href":"https:\/\/www.museuhistoricosl.com.br\/loja\/wp-json\/wp\/v2\/product"}],"about":[{"href":"https:\/\/www.museuhistoricosl.com.br\/loja\/wp-json\/wp\/v2\/types\/product"}],"replies":[{"embeddable":true,"href":"https:\/\/www.museuhistoricosl.com.br\/loja\/wp-json\/wp\/v2\/comments?post=22722"}],"wp:featuredmedia":[{"embeddable":true,"href":"https:\/\/www.museuhistoricosl.com.br\/loja\/wp-json\/wp\/v2\/media\/20373"}],"wp:attachment":[{"href":"https:\/\/www.museuhistoricosl.com.br\/loja\/wp-json\/wp\/v2\/media?parent=22722"}],"wp:term":[{"taxonomy":"product_cat","embeddable":true,"href":"https:\/\/www.museuhistoricosl.com.br\/loja\/wp-json\/wp\/v2\/product_cat?post=22722"},{"taxonomy":"product_tag","embeddable":true,"href":"https:\/\/www.museuhistoricosl.com.br\/loja\/wp-json\/wp\/v2\/product_tag?post=22722"}],"curies":[{"name":"wp","href":"https:\/\/api.w.org\/{rel}","templated":true}]}}