{"id":22701,"date":"2022-01-05T10:03:50","date_gmt":"2022-01-05T13:03:50","guid":{"rendered":"https:\/\/www.museuhistoricosl.com.br\/loja\/produto\/sl033-fd-0248-2\/"},"modified":"2022-01-05T10:03:50","modified_gmt":"2022-01-05T13:03:50","slug":"sl033-fd-0248-2","status":"publish","type":"product","link":"https:\/\/www.museuhistoricosl.com.br\/loja\/produto\/sl033-fd-0248-2\/","title":{"rendered":"SL033-FD-0248"},"content":{"rendered":"<p>Alunas do Centro Comunit\u00e1rio Ant\u00f4nio Leite, anexo da Escola Munucipal Ot\u00edlia Carvalho Rieth, S\u00e3o Leopoldo; Escolas; <\/p>\n","protected":false},"excerpt":{"rendered":"<p>Alunas do Centro Comunit\u00e1rio Ant\u00f4nio Leite, anexo da Escola Munucipal Ot\u00edlia Carvalho Rieth, S\u00e3o Leopoldo; Escolas;<\/p>\n","protected":false},"featured_media":20331,"comment_status":"open","ping_status":"closed","template":"","meta":{"_acf_changed":false},"product_cat":[60],"product_tag":[],"class_list":["post-22701","product","type-product","status-publish","has-post-thumbnail","hentry","product_cat-escolas"],"acf":[],"_links":{"self":[{"href":"https:\/\/www.museuhistoricosl.com.br\/loja\/wp-json\/wp\/v2\/product\/22701","targetHints":{"allow":["GET"]}}],"collection":[{"href":"https:\/\/www.museuhistoricosl.com.br\/loja\/wp-json\/wp\/v2\/product"}],"about":[{"href":"https:\/\/www.museuhistoricosl.com.br\/loja\/wp-json\/wp\/v2\/types\/product"}],"replies":[{"embeddable":true,"href":"https:\/\/www.museuhistoricosl.com.br\/loja\/wp-json\/wp\/v2\/comments?post=22701"}],"wp:featuredmedia":[{"embeddable":true,"href":"https:\/\/www.museuhistoricosl.com.br\/loja\/wp-json\/wp\/v2\/media\/20331"}],"wp:attachment":[{"href":"https:\/\/www.museuhistoricosl.com.br\/loja\/wp-json\/wp\/v2\/media?parent=22701"}],"wp:term":[{"taxonomy":"product_cat","embeddable":true,"href":"https:\/\/www.museuhistoricosl.com.br\/loja\/wp-json\/wp\/v2\/product_cat?post=22701"},{"taxonomy":"product_tag","embeddable":true,"href":"https:\/\/www.museuhistoricosl.com.br\/loja\/wp-json\/wp\/v2\/product_tag?post=22701"}],"curies":[{"name":"wp","href":"https:\/\/api.w.org\/{rel}","templated":true}]}}