{"id":22655,"date":"2022-01-05T10:03:17","date_gmt":"2022-01-05T13:03:17","guid":{"rendered":"https:\/\/www.museuhistoricosl.com.br\/loja\/produto\/sl033-fd-0202-2\/"},"modified":"2022-01-05T10:03:17","modified_gmt":"2022-01-05T13:03:17","slug":"sl033-fd-0202-2","status":"publish","type":"product","link":"https:\/\/www.museuhistoricosl.com.br\/loja\/produto\/sl033-fd-0202-2\/","title":{"rendered":"SL033-FD-0202"},"content":{"rendered":"<p>Escola Agr\u00edcola, Alselmo Kuhn, Delcir Santin, C\u00e1udio Illi ( dire\u00e7\u00e3o Col. Agr\u00edcola), 09\/1990; Escolas; <\/p>\n","protected":false},"excerpt":{"rendered":"<p>Escola Agr\u00edcola, Alselmo Kuhn, Delcir Santin, C\u00e1udio Illi ( dire\u00e7\u00e3o Col. Agr\u00edcola), 09\/1990; Escolas;<\/p>\n","protected":false},"featured_media":20239,"comment_status":"open","ping_status":"closed","template":"","meta":{"_acf_changed":false},"product_cat":[60],"product_tag":[],"class_list":["post-22655","product","type-product","status-publish","has-post-thumbnail","hentry","product_cat-escolas"],"acf":[],"_links":{"self":[{"href":"https:\/\/www.museuhistoricosl.com.br\/loja\/wp-json\/wp\/v2\/product\/22655","targetHints":{"allow":["GET"]}}],"collection":[{"href":"https:\/\/www.museuhistoricosl.com.br\/loja\/wp-json\/wp\/v2\/product"}],"about":[{"href":"https:\/\/www.museuhistoricosl.com.br\/loja\/wp-json\/wp\/v2\/types\/product"}],"replies":[{"embeddable":true,"href":"https:\/\/www.museuhistoricosl.com.br\/loja\/wp-json\/wp\/v2\/comments?post=22655"}],"wp:featuredmedia":[{"embeddable":true,"href":"https:\/\/www.museuhistoricosl.com.br\/loja\/wp-json\/wp\/v2\/media\/20239"}],"wp:attachment":[{"href":"https:\/\/www.museuhistoricosl.com.br\/loja\/wp-json\/wp\/v2\/media?parent=22655"}],"wp:term":[{"taxonomy":"product_cat","embeddable":true,"href":"https:\/\/www.museuhistoricosl.com.br\/loja\/wp-json\/wp\/v2\/product_cat?post=22655"},{"taxonomy":"product_tag","embeddable":true,"href":"https:\/\/www.museuhistoricosl.com.br\/loja\/wp-json\/wp\/v2\/product_tag?post=22655"}],"curies":[{"name":"wp","href":"https:\/\/api.w.org\/{rel}","templated":true}]}}