{"id":22619,"date":"2022-01-05T10:02:53","date_gmt":"2022-01-05T13:02:53","guid":{"rendered":"https:\/\/www.museuhistoricosl.com.br\/loja\/produto\/sl033-fd-0166-2\/"},"modified":"2022-01-05T10:02:53","modified_gmt":"2022-01-05T13:02:53","slug":"sl033-fd-0166-2","status":"publish","type":"product","link":"https:\/\/www.museuhistoricosl.com.br\/loja\/produto\/sl033-fd-0166-2\/","title":{"rendered":"SL033-FD-0166"},"content":{"rendered":"<p>Centro de Aten\u00e7\u00e3o Integral \u00e0 Crian\u00e7a e ao Adolecente &#8211; CAIC &#8211; do bairro Feitoria &#8211; Madezzatti em S\u00e3o Leopoldo., Estado abre matr\u00edculas de 1\u00aa a 4\u00aa s\u00e9ries, Foto J\u00falio Cordeiro, 18\/01\/1994; Escolas; <\/p>\n","protected":false},"excerpt":{"rendered":"<p>Centro de Aten\u00e7\u00e3o Integral \u00e0 Crian\u00e7a e ao Adolecente &#8211; CAIC &#8211; do bairro Feitoria &#8211; Madezzatti em S\u00e3o Leopoldo.,<\/p>\n","protected":false},"featured_media":20167,"comment_status":"open","ping_status":"closed","template":"","meta":{"_acf_changed":false},"product_cat":[60],"product_tag":[],"class_list":["post-22619","product","type-product","status-publish","has-post-thumbnail","hentry","product_cat-escolas"],"acf":[],"_links":{"self":[{"href":"https:\/\/www.museuhistoricosl.com.br\/loja\/wp-json\/wp\/v2\/product\/22619","targetHints":{"allow":["GET"]}}],"collection":[{"href":"https:\/\/www.museuhistoricosl.com.br\/loja\/wp-json\/wp\/v2\/product"}],"about":[{"href":"https:\/\/www.museuhistoricosl.com.br\/loja\/wp-json\/wp\/v2\/types\/product"}],"replies":[{"embeddable":true,"href":"https:\/\/www.museuhistoricosl.com.br\/loja\/wp-json\/wp\/v2\/comments?post=22619"}],"wp:featuredmedia":[{"embeddable":true,"href":"https:\/\/www.museuhistoricosl.com.br\/loja\/wp-json\/wp\/v2\/media\/20167"}],"wp:attachment":[{"href":"https:\/\/www.museuhistoricosl.com.br\/loja\/wp-json\/wp\/v2\/media?parent=22619"}],"wp:term":[{"taxonomy":"product_cat","embeddable":true,"href":"https:\/\/www.museuhistoricosl.com.br\/loja\/wp-json\/wp\/v2\/product_cat?post=22619"},{"taxonomy":"product_tag","embeddable":true,"href":"https:\/\/www.museuhistoricosl.com.br\/loja\/wp-json\/wp\/v2\/product_tag?post=22619"}],"curies":[{"name":"wp","href":"https:\/\/api.w.org\/{rel}","templated":true}]}}