{"id":22603,"date":"2022-01-05T10:02:42","date_gmt":"2022-01-05T13:02:42","guid":{"rendered":"https:\/\/www.museuhistoricosl.com.br\/loja\/produto\/sl033-fd-0150-2\/"},"modified":"2022-01-05T10:02:42","modified_gmt":"2022-01-05T13:02:42","slug":"sl033-fd-0150-2","status":"publish","type":"product","link":"https:\/\/www.museuhistoricosl.com.br\/loja\/produto\/sl033-fd-0150-2\/","title":{"rendered":"SL033-FD-0150"},"content":{"rendered":"<p>Escola Estadual de 1\u00aa a 4\u00aa s\u00e9rie Santa Catarina, foto da quarta s\u00e9rie implanta\u00e7\u00e3o do Projeto Pr\u00f3-Ler, 15\/06\/1983; Escolas; <\/p>\n","protected":false},"excerpt":{"rendered":"<p>Escola Estadual de 1\u00aa a 4\u00aa s\u00e9rie Santa Catarina, foto da quarta s\u00e9rie implanta\u00e7\u00e3o do Projeto Pr\u00f3-Ler, 15\/06\/1983; Escolas;<\/p>\n","protected":false},"featured_media":20135,"comment_status":"open","ping_status":"closed","template":"","meta":{"_acf_changed":false},"product_cat":[60],"product_tag":[],"class_list":["post-22603","product","type-product","status-publish","has-post-thumbnail","hentry","product_cat-escolas"],"acf":[],"_links":{"self":[{"href":"https:\/\/www.museuhistoricosl.com.br\/loja\/wp-json\/wp\/v2\/product\/22603","targetHints":{"allow":["GET"]}}],"collection":[{"href":"https:\/\/www.museuhistoricosl.com.br\/loja\/wp-json\/wp\/v2\/product"}],"about":[{"href":"https:\/\/www.museuhistoricosl.com.br\/loja\/wp-json\/wp\/v2\/types\/product"}],"replies":[{"embeddable":true,"href":"https:\/\/www.museuhistoricosl.com.br\/loja\/wp-json\/wp\/v2\/comments?post=22603"}],"wp:featuredmedia":[{"embeddable":true,"href":"https:\/\/www.museuhistoricosl.com.br\/loja\/wp-json\/wp\/v2\/media\/20135"}],"wp:attachment":[{"href":"https:\/\/www.museuhistoricosl.com.br\/loja\/wp-json\/wp\/v2\/media?parent=22603"}],"wp:term":[{"taxonomy":"product_cat","embeddable":true,"href":"https:\/\/www.museuhistoricosl.com.br\/loja\/wp-json\/wp\/v2\/product_cat?post=22603"},{"taxonomy":"product_tag","embeddable":true,"href":"https:\/\/www.museuhistoricosl.com.br\/loja\/wp-json\/wp\/v2\/product_tag?post=22603"}],"curies":[{"name":"wp","href":"https:\/\/api.w.org\/{rel}","templated":true}]}}