{"id":22558,"date":"2022-01-05T10:02:23","date_gmt":"2022-01-05T13:02:23","guid":{"rendered":"https:\/\/www.museuhistoricosl.com.br\/loja\/produto\/sl033-fd-0105-2\/"},"modified":"2022-01-05T10:02:23","modified_gmt":"2022-01-05T13:02:23","slug":"sl033-fd-0105-2","status":"publish","type":"product","link":"https:\/\/www.museuhistoricosl.com.br\/loja\/produto\/sl033-fd-0105-2\/","title":{"rendered":"SL033-FD-0105"},"content":{"rendered":"<p>Ensino Proficional, visita Secret\u00e1ria de Educa\u00e7\u00e3o, Iara Worthmann &#8220;a Escola Frederico Schmidt, 31\/05\/1996; Escolas; <\/p>\n","protected":false},"excerpt":{"rendered":"<p>Ensino Proficional, visita Secret\u00e1ria de Educa\u00e7\u00e3o, Iara Worthmann &#8220;a Escola Frederico Schmidt, 31\/05\/1996; Escolas;<\/p>\n","protected":false},"featured_media":20045,"comment_status":"open","ping_status":"closed","template":"","meta":{"_acf_changed":false},"product_cat":[60],"product_tag":[],"class_list":["post-22558","product","type-product","status-publish","has-post-thumbnail","hentry","product_cat-escolas"],"acf":[],"_links":{"self":[{"href":"https:\/\/www.museuhistoricosl.com.br\/loja\/wp-json\/wp\/v2\/product\/22558","targetHints":{"allow":["GET"]}}],"collection":[{"href":"https:\/\/www.museuhistoricosl.com.br\/loja\/wp-json\/wp\/v2\/product"}],"about":[{"href":"https:\/\/www.museuhistoricosl.com.br\/loja\/wp-json\/wp\/v2\/types\/product"}],"replies":[{"embeddable":true,"href":"https:\/\/www.museuhistoricosl.com.br\/loja\/wp-json\/wp\/v2\/comments?post=22558"}],"wp:featuredmedia":[{"embeddable":true,"href":"https:\/\/www.museuhistoricosl.com.br\/loja\/wp-json\/wp\/v2\/media\/20045"}],"wp:attachment":[{"href":"https:\/\/www.museuhistoricosl.com.br\/loja\/wp-json\/wp\/v2\/media?parent=22558"}],"wp:term":[{"taxonomy":"product_cat","embeddable":true,"href":"https:\/\/www.museuhistoricosl.com.br\/loja\/wp-json\/wp\/v2\/product_cat?post=22558"},{"taxonomy":"product_tag","embeddable":true,"href":"https:\/\/www.museuhistoricosl.com.br\/loja\/wp-json\/wp\/v2\/product_tag?post=22558"}],"curies":[{"name":"wp","href":"https:\/\/api.w.org\/{rel}","templated":true}]}}