{"id":22522,"date":"2022-01-05T10:02:07","date_gmt":"2022-01-05T13:02:07","guid":{"rendered":"https:\/\/www.museuhistoricosl.com.br\/loja\/produto\/sl033-fd-0069-2\/"},"modified":"2022-01-05T10:02:07","modified_gmt":"2022-01-05T13:02:07","slug":"sl033-fd-0069-2","status":"publish","type":"product","link":"https:\/\/www.museuhistoricosl.com.br\/loja\/produto\/sl033-fd-0069-2\/","title":{"rendered":"SL033-FD-0069"},"content":{"rendered":"<p>Sentada, bem \u00e0 direita, Maia da Gl\u00f3ria Vianna, m\u00e3e do escritor Clodomir Vianna Moog.  &#8211; C\u00f3digo anterior de cat\u00e1logo:FD 33,69; Escolas; <\/p>\n","protected":false},"excerpt":{"rendered":"<p>Sentada, bem \u00e0 direita, Maia da Gl\u00f3ria Vianna, m\u00e3e do escritor Clodomir Vianna Moog. &#8211; C\u00f3digo anterior de cat\u00e1logo:FD 33,69;<\/p>\n","protected":false},"featured_media":19973,"comment_status":"open","ping_status":"closed","template":"","meta":{"_acf_changed":false},"product_cat":[60],"product_tag":[],"class_list":["post-22522","product","type-product","status-publish","has-post-thumbnail","hentry","product_cat-escolas"],"acf":[],"_links":{"self":[{"href":"https:\/\/www.museuhistoricosl.com.br\/loja\/wp-json\/wp\/v2\/product\/22522","targetHints":{"allow":["GET"]}}],"collection":[{"href":"https:\/\/www.museuhistoricosl.com.br\/loja\/wp-json\/wp\/v2\/product"}],"about":[{"href":"https:\/\/www.museuhistoricosl.com.br\/loja\/wp-json\/wp\/v2\/types\/product"}],"replies":[{"embeddable":true,"href":"https:\/\/www.museuhistoricosl.com.br\/loja\/wp-json\/wp\/v2\/comments?post=22522"}],"wp:featuredmedia":[{"embeddable":true,"href":"https:\/\/www.museuhistoricosl.com.br\/loja\/wp-json\/wp\/v2\/media\/19973"}],"wp:attachment":[{"href":"https:\/\/www.museuhistoricosl.com.br\/loja\/wp-json\/wp\/v2\/media?parent=22522"}],"wp:term":[{"taxonomy":"product_cat","embeddable":true,"href":"https:\/\/www.museuhistoricosl.com.br\/loja\/wp-json\/wp\/v2\/product_cat?post=22522"},{"taxonomy":"product_tag","embeddable":true,"href":"https:\/\/www.museuhistoricosl.com.br\/loja\/wp-json\/wp\/v2\/product_tag?post=22522"}],"curies":[{"name":"wp","href":"https:\/\/api.w.org\/{rel}","templated":true}]}}