{"id":22512,"date":"2022-01-05T10:02:04","date_gmt":"2022-01-05T13:02:04","guid":{"rendered":"https:\/\/www.museuhistoricosl.com.br\/loja\/produto\/sl033-fd-0059-2\/"},"modified":"2022-01-05T10:02:04","modified_gmt":"2022-01-05T13:02:04","slug":"sl033-fd-0059-2","status":"publish","type":"product","link":"https:\/\/www.museuhistoricosl.com.br\/loja\/produto\/sl033-fd-0059-2\/","title":{"rendered":"SL033-FD-0059"},"content":{"rendered":"<p>Escola Estadual de Lomba Grande, 1918. Professor Adolfo Dietrich; da esquerda para a direita, fila de cima: Leopoldo Moehlecke, (?) Schwan, Albano M\u00fcller, Willy Reaner, Erwino Strack, Willy Faller, Alvicio Beck, Erwino Diehl. 2\u00aa fila de cima: Walter Petry, Bruno Diehl, Guilherme Bins, Germano Schaefer, Waldomiro (?), Ticiano de Leone, Emilio Schmidt, Willy Faller, Jo\u00e3o Scherer, Fritz Diehl; 3\u00aa fila de cima: filhos de Vicente Romano, (?), Walter Kehl,  Alvicio Winck, Walter Winck, (?) Plentz, Rudy Krohn, (?). Sentados (banco): (?) Beck, Emilio Daudt, Walter Haubert, (?) Panitz, Arnaldo Strack, Edwino Backes, (?), Germano Plentz, Arno M\u00fcller. &#8211; C\u00f3digo anterior de cat\u00e1logo:FD 33,59; Escolas; <\/p>\n","protected":false},"excerpt":{"rendered":"<p>Escola Estadual de Lomba Grande, 1918. Professor Adolfo Dietrich; da esquerda para a direita, fila de cima: Leopoldo Moehlecke, (?)<\/p>\n","protected":false},"featured_media":19953,"comment_status":"open","ping_status":"closed","template":"","meta":{"_acf_changed":false},"product_cat":[60],"product_tag":[],"class_list":["post-22512","product","type-product","status-publish","has-post-thumbnail","hentry","product_cat-escolas"],"acf":[],"_links":{"self":[{"href":"https:\/\/www.museuhistoricosl.com.br\/loja\/wp-json\/wp\/v2\/product\/22512","targetHints":{"allow":["GET"]}}],"collection":[{"href":"https:\/\/www.museuhistoricosl.com.br\/loja\/wp-json\/wp\/v2\/product"}],"about":[{"href":"https:\/\/www.museuhistoricosl.com.br\/loja\/wp-json\/wp\/v2\/types\/product"}],"replies":[{"embeddable":true,"href":"https:\/\/www.museuhistoricosl.com.br\/loja\/wp-json\/wp\/v2\/comments?post=22512"}],"wp:featuredmedia":[{"embeddable":true,"href":"https:\/\/www.museuhistoricosl.com.br\/loja\/wp-json\/wp\/v2\/media\/19953"}],"wp:attachment":[{"href":"https:\/\/www.museuhistoricosl.com.br\/loja\/wp-json\/wp\/v2\/media?parent=22512"}],"wp:term":[{"taxonomy":"product_cat","embeddable":true,"href":"https:\/\/www.museuhistoricosl.com.br\/loja\/wp-json\/wp\/v2\/product_cat?post=22512"},{"taxonomy":"product_tag","embeddable":true,"href":"https:\/\/www.museuhistoricosl.com.br\/loja\/wp-json\/wp\/v2\/product_tag?post=22512"}],"curies":[{"name":"wp","href":"https:\/\/api.w.org\/{rel}","templated":true}]}}