{"id":22502,"date":"2022-01-05T10:02:01","date_gmt":"2022-01-05T13:02:01","guid":{"rendered":"https:\/\/www.museuhistoricosl.com.br\/loja\/produto\/sl033-fd-0049-2\/"},"modified":"2022-01-05T10:02:01","modified_gmt":"2022-01-05T13:02:01","slug":"sl033-fd-0049-2","status":"publish","type":"product","link":"https:\/\/www.museuhistoricosl.com.br\/loja\/produto\/sl033-fd-0049-2\/","title":{"rendered":"SL033-FD-0049"},"content":{"rendered":"<p>Altares confeccionados por um padre do col\u00e9gio dos Jesu\u00edtas de S\u00e3o Leopoldo. Exposi\u00e7\u00e3o em Porto Alegre, 1926. &#8211; C\u00f3digo anterior de cat\u00e1logo:FD 33,49; Escolas; <\/p>\n","protected":false},"excerpt":{"rendered":"<p>Altares confeccionados por um padre do col\u00e9gio dos Jesu\u00edtas de S\u00e3o Leopoldo. Exposi\u00e7\u00e3o em Porto Alegre, 1926. &#8211; C\u00f3digo anterior<\/p>\n","protected":false},"featured_media":19933,"comment_status":"open","ping_status":"closed","template":"","meta":{"_acf_changed":false},"product_cat":[60],"product_tag":[],"class_list":["post-22502","product","type-product","status-publish","has-post-thumbnail","hentry","product_cat-escolas"],"acf":[],"_links":{"self":[{"href":"https:\/\/www.museuhistoricosl.com.br\/loja\/wp-json\/wp\/v2\/product\/22502","targetHints":{"allow":["GET"]}}],"collection":[{"href":"https:\/\/www.museuhistoricosl.com.br\/loja\/wp-json\/wp\/v2\/product"}],"about":[{"href":"https:\/\/www.museuhistoricosl.com.br\/loja\/wp-json\/wp\/v2\/types\/product"}],"replies":[{"embeddable":true,"href":"https:\/\/www.museuhistoricosl.com.br\/loja\/wp-json\/wp\/v2\/comments?post=22502"}],"wp:featuredmedia":[{"embeddable":true,"href":"https:\/\/www.museuhistoricosl.com.br\/loja\/wp-json\/wp\/v2\/media\/19933"}],"wp:attachment":[{"href":"https:\/\/www.museuhistoricosl.com.br\/loja\/wp-json\/wp\/v2\/media?parent=22502"}],"wp:term":[{"taxonomy":"product_cat","embeddable":true,"href":"https:\/\/www.museuhistoricosl.com.br\/loja\/wp-json\/wp\/v2\/product_cat?post=22502"},{"taxonomy":"product_tag","embeddable":true,"href":"https:\/\/www.museuhistoricosl.com.br\/loja\/wp-json\/wp\/v2\/product_tag?post=22502"}],"curies":[{"name":"wp","href":"https:\/\/api.w.org\/{rel}","templated":true}]}}