{"id":22447,"date":"2022-01-05T10:01:41","date_gmt":"2022-01-05T13:01:41","guid":{"rendered":"https:\/\/www.museuhistoricosl.com.br\/loja\/produto\/nh033-fd-0007-2\/"},"modified":"2022-01-05T10:01:41","modified_gmt":"2022-01-05T13:01:41","slug":"nh033-fd-0007-2","status":"publish","type":"product","link":"https:\/\/www.museuhistoricosl.com.br\/loja\/produto\/nh033-fd-0007-2\/","title":{"rendered":"NH033-FD-0007"},"content":{"rendered":"<p>Funda\u00e7\u00e3o Evang\u00e9lica de Hamburgo Velho, Col\u00e9gio Pasqualine, Hamburgo Velho &#8211; RS; Escolas; <\/p>\n","protected":false},"excerpt":{"rendered":"<p>Funda\u00e7\u00e3o Evang\u00e9lica de Hamburgo Velho, Col\u00e9gio Pasqualine, Hamburgo Velho &#8211; RS; Escolas;<\/p>\n","protected":false},"featured_media":19823,"comment_status":"open","ping_status":"closed","template":"","meta":{"_acf_changed":false},"product_cat":[60],"product_tag":[],"class_list":["post-22447","product","type-product","status-publish","has-post-thumbnail","hentry","product_cat-escolas"],"acf":[],"_links":{"self":[{"href":"https:\/\/www.museuhistoricosl.com.br\/loja\/wp-json\/wp\/v2\/product\/22447","targetHints":{"allow":["GET"]}}],"collection":[{"href":"https:\/\/www.museuhistoricosl.com.br\/loja\/wp-json\/wp\/v2\/product"}],"about":[{"href":"https:\/\/www.museuhistoricosl.com.br\/loja\/wp-json\/wp\/v2\/types\/product"}],"replies":[{"embeddable":true,"href":"https:\/\/www.museuhistoricosl.com.br\/loja\/wp-json\/wp\/v2\/comments?post=22447"}],"wp:featuredmedia":[{"embeddable":true,"href":"https:\/\/www.museuhistoricosl.com.br\/loja\/wp-json\/wp\/v2\/media\/19823"}],"wp:attachment":[{"href":"https:\/\/www.museuhistoricosl.com.br\/loja\/wp-json\/wp\/v2\/media?parent=22447"}],"wp:term":[{"taxonomy":"product_cat","embeddable":true,"href":"https:\/\/www.museuhistoricosl.com.br\/loja\/wp-json\/wp\/v2\/product_cat?post=22447"},{"taxonomy":"product_tag","embeddable":true,"href":"https:\/\/www.museuhistoricosl.com.br\/loja\/wp-json\/wp\/v2\/product_tag?post=22447"}],"curies":[{"name":"wp","href":"https:\/\/api.w.org\/{rel}","templated":true}]}}