{"id":22441,"date":"2022-01-05T10:01:39","date_gmt":"2022-01-05T13:01:39","guid":{"rendered":"https:\/\/www.museuhistoricosl.com.br\/loja\/produto\/nh033-fd-0001-2\/"},"modified":"2022-01-05T10:01:39","modified_gmt":"2022-01-05T13:01:39","slug":"nh033-fd-0001-2","status":"publish","type":"product","link":"https:\/\/www.museuhistoricosl.com.br\/loja\/produto\/nh033-fd-0001-2\/","title":{"rendered":"NH033-FD-0001"},"content":{"rendered":"<p>Hamburgo Velho, vista para o morro da Funda\u00e7\u00e3o Evang\u00e9lica, Do original Edwin Elicker, Novo Hamburgo, 28\/06\/1991; Escolas; <\/p>\n","protected":false},"excerpt":{"rendered":"<p>Hamburgo Velho, vista para o morro da Funda\u00e7\u00e3o Evang\u00e9lica, Do original Edwin Elicker, Novo Hamburgo, 28\/06\/1991; Escolas;<\/p>\n","protected":false},"featured_media":19811,"comment_status":"open","ping_status":"closed","template":"","meta":{"_acf_changed":false},"product_cat":[60],"product_tag":[],"class_list":["post-22441","product","type-product","status-publish","has-post-thumbnail","hentry","product_cat-escolas"],"acf":[],"_links":{"self":[{"href":"https:\/\/www.museuhistoricosl.com.br\/loja\/wp-json\/wp\/v2\/product\/22441","targetHints":{"allow":["GET"]}}],"collection":[{"href":"https:\/\/www.museuhistoricosl.com.br\/loja\/wp-json\/wp\/v2\/product"}],"about":[{"href":"https:\/\/www.museuhistoricosl.com.br\/loja\/wp-json\/wp\/v2\/types\/product"}],"replies":[{"embeddable":true,"href":"https:\/\/www.museuhistoricosl.com.br\/loja\/wp-json\/wp\/v2\/comments?post=22441"}],"wp:featuredmedia":[{"embeddable":true,"href":"https:\/\/www.museuhistoricosl.com.br\/loja\/wp-json\/wp\/v2\/media\/19811"}],"wp:attachment":[{"href":"https:\/\/www.museuhistoricosl.com.br\/loja\/wp-json\/wp\/v2\/media?parent=22441"}],"wp:term":[{"taxonomy":"product_cat","embeddable":true,"href":"https:\/\/www.museuhistoricosl.com.br\/loja\/wp-json\/wp\/v2\/product_cat?post=22441"},{"taxonomy":"product_tag","embeddable":true,"href":"https:\/\/www.museuhistoricosl.com.br\/loja\/wp-json\/wp\/v2\/product_tag?post=22441"}],"curies":[{"name":"wp","href":"https:\/\/api.w.org\/{rel}","templated":true}]}}