{"id":19732,"date":"2022-01-04T09:24:14","date_gmt":"2022-01-04T12:24:14","guid":{"rendered":"https:\/\/www.museuhistoricosl.com.br\/loja\/produto\/sl034-fd-0112\/"},"modified":"2022-01-04T09:24:14","modified_gmt":"2022-01-04T12:24:14","slug":"sl034-fd-0112","status":"publish","type":"product","link":"https:\/\/www.museuhistoricosl.com.br\/loja\/produto\/sl034-fd-0112\/","title":{"rendered":"SL034-FD-0112"},"content":{"rendered":"<p>Pr\u00e9dio Escola Estadual de 1\u00ba Grau Visconde de S\u00e3o Leopoldo, Col\u00e9gio Elementar em S\u00e3o Leopoldo, Rua Independ\u00eancia esquina Rua Concei\u00e7\u00e3o, Doadora: Maria Vianna Moog; Escola Estadual Visconde de S\u00e3o Leopoldo; <\/p>\n","protected":false},"excerpt":{"rendered":"<p>Pr\u00e9dio Escola Estadual de 1\u00ba Grau Visconde de S\u00e3o Leopoldo, Col\u00e9gio Elementar em S\u00e3o Leopoldo, Rua Independ\u00eancia esquina Rua Concei\u00e7\u00e3o,<\/p>\n","protected":false},"featured_media":19731,"comment_status":"open","ping_status":"closed","template":"","meta":{"_acf_changed":false},"product_cat":[58],"product_tag":[],"class_list":["post-19732","product","type-product","status-publish","has-post-thumbnail","hentry","product_cat-escola-estadual-visconde-de-sao-leopoldo"],"acf":[],"_links":{"self":[{"href":"https:\/\/www.museuhistoricosl.com.br\/loja\/wp-json\/wp\/v2\/product\/19732","targetHints":{"allow":["GET"]}}],"collection":[{"href":"https:\/\/www.museuhistoricosl.com.br\/loja\/wp-json\/wp\/v2\/product"}],"about":[{"href":"https:\/\/www.museuhistoricosl.com.br\/loja\/wp-json\/wp\/v2\/types\/product"}],"replies":[{"embeddable":true,"href":"https:\/\/www.museuhistoricosl.com.br\/loja\/wp-json\/wp\/v2\/comments?post=19732"}],"wp:featuredmedia":[{"embeddable":true,"href":"https:\/\/www.museuhistoricosl.com.br\/loja\/wp-json\/wp\/v2\/media\/19731"}],"wp:attachment":[{"href":"https:\/\/www.museuhistoricosl.com.br\/loja\/wp-json\/wp\/v2\/media?parent=19732"}],"wp:term":[{"taxonomy":"product_cat","embeddable":true,"href":"https:\/\/www.museuhistoricosl.com.br\/loja\/wp-json\/wp\/v2\/product_cat?post=19732"},{"taxonomy":"product_tag","embeddable":true,"href":"https:\/\/www.museuhistoricosl.com.br\/loja\/wp-json\/wp\/v2\/product_tag?post=19732"}],"curies":[{"name":"wp","href":"https:\/\/api.w.org\/{rel}","templated":true}]}}