{"id":19544,"date":"2022-01-04T09:23:23","date_gmt":"2022-01-04T12:23:23","guid":{"rendered":"https:\/\/www.museuhistoricosl.com.br\/loja\/produto\/sl034-fd-0018\/"},"modified":"2022-01-04T09:23:23","modified_gmt":"2022-01-04T12:23:23","slug":"sl034-fd-0018","status":"publish","type":"product","link":"https:\/\/www.museuhistoricosl.com.br\/loja\/produto\/sl034-fd-0018\/","title":{"rendered":"SL034-FD-0018"},"content":{"rendered":"<p>Alunos da Escola Estadual de I Grau Visconde de S\u00e3o Leopoldo, projeto do Tr\u00e2nsito (Cia do Tr\u00e2nsito), 09\/1993; Escola Estadual Visconde de S\u00e3o Leopoldo; <\/p>\n","protected":false},"excerpt":{"rendered":"<p>Alunos da Escola Estadual de I Grau Visconde de S\u00e3o Leopoldo, projeto do Tr\u00e2nsito (Cia do Tr\u00e2nsito), 09\/1993; Escola Estadual<\/p>\n","protected":false},"featured_media":19543,"comment_status":"open","ping_status":"closed","template":"","meta":{"_acf_changed":false},"product_cat":[58],"product_tag":[],"class_list":["post-19544","product","type-product","status-publish","has-post-thumbnail","hentry","product_cat-escola-estadual-visconde-de-sao-leopoldo"],"acf":[],"_links":{"self":[{"href":"https:\/\/www.museuhistoricosl.com.br\/loja\/wp-json\/wp\/v2\/product\/19544","targetHints":{"allow":["GET"]}}],"collection":[{"href":"https:\/\/www.museuhistoricosl.com.br\/loja\/wp-json\/wp\/v2\/product"}],"about":[{"href":"https:\/\/www.museuhistoricosl.com.br\/loja\/wp-json\/wp\/v2\/types\/product"}],"replies":[{"embeddable":true,"href":"https:\/\/www.museuhistoricosl.com.br\/loja\/wp-json\/wp\/v2\/comments?post=19544"}],"wp:featuredmedia":[{"embeddable":true,"href":"https:\/\/www.museuhistoricosl.com.br\/loja\/wp-json\/wp\/v2\/media\/19543"}],"wp:attachment":[{"href":"https:\/\/www.museuhistoricosl.com.br\/loja\/wp-json\/wp\/v2\/media?parent=19544"}],"wp:term":[{"taxonomy":"product_cat","embeddable":true,"href":"https:\/\/www.museuhistoricosl.com.br\/loja\/wp-json\/wp\/v2\/product_cat?post=19544"},{"taxonomy":"product_tag","embeddable":true,"href":"https:\/\/www.museuhistoricosl.com.br\/loja\/wp-json\/wp\/v2\/product_tag?post=19544"}],"curies":[{"name":"wp","href":"https:\/\/api.w.org\/{rel}","templated":true}]}}