{"id":19520,"date":"2022-01-04T09:23:18","date_gmt":"2022-01-04T12:23:18","guid":{"rendered":"https:\/\/www.museuhistoricosl.com.br\/loja\/produto\/sl034-fd-0006\/"},"modified":"2022-01-04T09:23:18","modified_gmt":"2022-01-04T12:23:18","slug":"sl034-fd-0006","status":"publish","type":"product","link":"https:\/\/www.museuhistoricosl.com.br\/loja\/produto\/sl034-fd-0006\/","title":{"rendered":"SL034-FD-0006"},"content":{"rendered":"<p>Escola Estadual Visconde de S\u00e3o Leopoldo &#8211; Corpo Docente Elementar de S\u00e3o Leopoldo &#8211; 08\/1932. Em p\u00e9: Adelina Cunha, cec\u00edlia Ferten, Am\u00e9lia Crusius, L\u00eddia Jaeger, Lucia Sperb, Em\u00edlia Silveira, Elsa Dauber, Maria Vianna Moog, Alice Becker, Ifig\u00eania Borges, Alba Magalh\u00e3es. Sentadas: Yolanda Stabel, Natalina Mesquita, ida Nunes Santiago, Em\u00edlia Martin, Ida Galperin, Carmen R. Beltr\u00e3o, Ester Stabel. &#8211; C\u00f3digo anterior de cat\u00e1logo:FD 34,6; Escola Estadual Visconde de S\u00e3o Leopoldo; <\/p>\n","protected":false},"excerpt":{"rendered":"<p>Escola Estadual Visconde de S\u00e3o Leopoldo &#8211; Corpo Docente Elementar de S\u00e3o Leopoldo &#8211; 08\/1932. Em p\u00e9: Adelina Cunha, cec\u00edlia<\/p>\n","protected":false},"featured_media":19519,"comment_status":"open","ping_status":"closed","template":"","meta":{"_acf_changed":false},"product_cat":[58],"product_tag":[],"class_list":["post-19520","product","type-product","status-publish","has-post-thumbnail","hentry","product_cat-escola-estadual-visconde-de-sao-leopoldo"],"acf":[],"_links":{"self":[{"href":"https:\/\/www.museuhistoricosl.com.br\/loja\/wp-json\/wp\/v2\/product\/19520","targetHints":{"allow":["GET"]}}],"collection":[{"href":"https:\/\/www.museuhistoricosl.com.br\/loja\/wp-json\/wp\/v2\/product"}],"about":[{"href":"https:\/\/www.museuhistoricosl.com.br\/loja\/wp-json\/wp\/v2\/types\/product"}],"replies":[{"embeddable":true,"href":"https:\/\/www.museuhistoricosl.com.br\/loja\/wp-json\/wp\/v2\/comments?post=19520"}],"wp:featuredmedia":[{"embeddable":true,"href":"https:\/\/www.museuhistoricosl.com.br\/loja\/wp-json\/wp\/v2\/media\/19519"}],"wp:attachment":[{"href":"https:\/\/www.museuhistoricosl.com.br\/loja\/wp-json\/wp\/v2\/media?parent=19520"}],"wp:term":[{"taxonomy":"product_cat","embeddable":true,"href":"https:\/\/www.museuhistoricosl.com.br\/loja\/wp-json\/wp\/v2\/product_cat?post=19520"},{"taxonomy":"product_tag","embeddable":true,"href":"https:\/\/www.museuhistoricosl.com.br\/loja\/wp-json\/wp\/v2\/product_tag?post=19520"}],"curies":[{"name":"wp","href":"https:\/\/api.w.org\/{rel}","templated":true}]}}