{"id":19518,"date":"2022-01-04T09:23:18","date_gmt":"2022-01-04T12:23:18","guid":{"rendered":"https:\/\/www.museuhistoricosl.com.br\/loja\/produto\/sl034-fd-0005\/"},"modified":"2022-01-04T09:23:18","modified_gmt":"2022-01-04T12:23:18","slug":"sl034-fd-0005","status":"publish","type":"product","link":"https:\/\/www.museuhistoricosl.com.br\/loja\/produto\/sl034-fd-0005\/","title":{"rendered":"SL034-FD-0005"},"content":{"rendered":"<p>Escola Estadual Visconde de S\u00e3o Leopoldo &#8211; Professores do Antigo Col\u00e9gio Elementar. Da esq. Para a dir.: 1\u00aa fila na frente: Am\u00e9lia Erusius, L\u00facia Sander, Hilda Weber Theodore, Elsa Steimer, Ester Stabel Foga\u00e7a, Alice Becker. 1\u00aa fila atr\u00e1s: serena Boeckel, Em\u00edlio Boeckel, _______, Osvaldo Aranha, ______________, Vera Bieri Gnatali, Natalina Mesquita, _________. &#8211; C\u00f3digo anterior de cat\u00e1logo:FD 34,5; Escola Estadual Visconde de S\u00e3o Leopoldo; <\/p>\n","protected":false},"excerpt":{"rendered":"<p>Escola Estadual Visconde de S\u00e3o Leopoldo &#8211; Professores do Antigo Col\u00e9gio Elementar. Da esq. Para a dir.: 1\u00aa fila na<\/p>\n","protected":false},"featured_media":19517,"comment_status":"open","ping_status":"closed","template":"","meta":{"_acf_changed":false},"product_cat":[58],"product_tag":[],"class_list":["post-19518","product","type-product","status-publish","has-post-thumbnail","hentry","product_cat-escola-estadual-visconde-de-sao-leopoldo"],"acf":[],"_links":{"self":[{"href":"https:\/\/www.museuhistoricosl.com.br\/loja\/wp-json\/wp\/v2\/product\/19518","targetHints":{"allow":["GET"]}}],"collection":[{"href":"https:\/\/www.museuhistoricosl.com.br\/loja\/wp-json\/wp\/v2\/product"}],"about":[{"href":"https:\/\/www.museuhistoricosl.com.br\/loja\/wp-json\/wp\/v2\/types\/product"}],"replies":[{"embeddable":true,"href":"https:\/\/www.museuhistoricosl.com.br\/loja\/wp-json\/wp\/v2\/comments?post=19518"}],"wp:featuredmedia":[{"embeddable":true,"href":"https:\/\/www.museuhistoricosl.com.br\/loja\/wp-json\/wp\/v2\/media\/19517"}],"wp:attachment":[{"href":"https:\/\/www.museuhistoricosl.com.br\/loja\/wp-json\/wp\/v2\/media?parent=19518"}],"wp:term":[{"taxonomy":"product_cat","embeddable":true,"href":"https:\/\/www.museuhistoricosl.com.br\/loja\/wp-json\/wp\/v2\/product_cat?post=19518"},{"taxonomy":"product_tag","embeddable":true,"href":"https:\/\/www.museuhistoricosl.com.br\/loja\/wp-json\/wp\/v2\/product_tag?post=19518"}],"curies":[{"name":"wp","href":"https:\/\/api.w.org\/{rel}","templated":true}]}}