{"id":19507,"date":"2022-01-04T08:55:52","date_gmt":"2022-01-04T11:55:52","guid":{"rendered":"https:\/\/www.museuhistoricosl.com.br\/loja\/produto\/sl030-fd-0317\/"},"modified":"2022-01-04T08:55:52","modified_gmt":"2022-01-04T11:55:52","slug":"sl030-fd-0317","status":"publish","type":"product","link":"https:\/\/www.museuhistoricosl.com.br\/loja\/produto\/sl030-fd-0317\/","title":{"rendered":"SL030-FD-0317"},"content":{"rendered":"<p>Visita do ministro dos Transportes, Cel. M\u00e1rio Andreazza, em 26\/10\/1968, Almo\u00e7o na Sociaedaee Orpheu, De p\u00e9: Perachi Barcelos (governador RS ), Sentados: M\u00e1rio Andreazza e Geodomiro Martins (Prefeito SL), atr\u00e1s de Pecachi: Henrique Prieto; Elei\u00e7\u00f5es; <\/p>\n","protected":false},"excerpt":{"rendered":"<p>Visita do ministro dos Transportes, Cel. M\u00e1rio Andreazza, em 26\/10\/1968, Almo\u00e7o na Sociaedaee Orpheu, De p\u00e9: Perachi Barcelos (governador RS<\/p>\n","protected":false},"featured_media":19506,"comment_status":"open","ping_status":"closed","template":"","meta":{"_acf_changed":false},"product_cat":[38],"product_tag":[],"class_list":["post-19507","product","type-product","status-publish","has-post-thumbnail","hentry","product_cat-eleicoes"],"acf":[],"_links":{"self":[{"href":"https:\/\/www.museuhistoricosl.com.br\/loja\/wp-json\/wp\/v2\/product\/19507","targetHints":{"allow":["GET"]}}],"collection":[{"href":"https:\/\/www.museuhistoricosl.com.br\/loja\/wp-json\/wp\/v2\/product"}],"about":[{"href":"https:\/\/www.museuhistoricosl.com.br\/loja\/wp-json\/wp\/v2\/types\/product"}],"replies":[{"embeddable":true,"href":"https:\/\/www.museuhistoricosl.com.br\/loja\/wp-json\/wp\/v2\/comments?post=19507"}],"wp:featuredmedia":[{"embeddable":true,"href":"https:\/\/www.museuhistoricosl.com.br\/loja\/wp-json\/wp\/v2\/media\/19506"}],"wp:attachment":[{"href":"https:\/\/www.museuhistoricosl.com.br\/loja\/wp-json\/wp\/v2\/media?parent=19507"}],"wp:term":[{"taxonomy":"product_cat","embeddable":true,"href":"https:\/\/www.museuhistoricosl.com.br\/loja\/wp-json\/wp\/v2\/product_cat?post=19507"},{"taxonomy":"product_tag","embeddable":true,"href":"https:\/\/www.museuhistoricosl.com.br\/loja\/wp-json\/wp\/v2\/product_tag?post=19507"}],"curies":[{"name":"wp","href":"https:\/\/api.w.org\/{rel}","templated":true}]}}