{"id":19503,"date":"2022-01-04T08:55:50","date_gmt":"2022-01-04T11:55:50","guid":{"rendered":"https:\/\/www.museuhistoricosl.com.br\/loja\/produto\/sl030-fd-0315\/"},"modified":"2022-01-04T08:55:50","modified_gmt":"2022-01-04T11:55:50","slug":"sl030-fd-0315","status":"publish","type":"product","link":"https:\/\/www.museuhistoricosl.com.br\/loja\/produto\/sl030-fd-0315\/","title":{"rendered":"SL030-FD-0315"},"content":{"rendered":"<p>Elei\u00e7\u00e3o em Parob\u00e9, 08\/01\/1913, Casa da Fam\u00edlia Mossumann, O 2\u00ba da direita \u00e9 o Sr. Ernesto Sch\u00fcler, pai da Sra. Daner? doadora da foto,  Bera ao centro, sentado o Sr. Mossumann; Elei\u00e7\u00f5es; <\/p>\n","protected":false},"excerpt":{"rendered":"<p>Elei\u00e7\u00e3o em Parob\u00e9, 08\/01\/1913, Casa da Fam\u00edlia Mossumann, O 2\u00ba da direita \u00e9 o Sr. Ernesto Sch\u00fcler, pai da Sra.<\/p>\n","protected":false},"featured_media":19502,"comment_status":"open","ping_status":"closed","template":"","meta":{"_acf_changed":false},"product_cat":[38],"product_tag":[],"class_list":["post-19503","product","type-product","status-publish","has-post-thumbnail","hentry","product_cat-eleicoes"],"acf":[],"_links":{"self":[{"href":"https:\/\/www.museuhistoricosl.com.br\/loja\/wp-json\/wp\/v2\/product\/19503","targetHints":{"allow":["GET"]}}],"collection":[{"href":"https:\/\/www.museuhistoricosl.com.br\/loja\/wp-json\/wp\/v2\/product"}],"about":[{"href":"https:\/\/www.museuhistoricosl.com.br\/loja\/wp-json\/wp\/v2\/types\/product"}],"replies":[{"embeddable":true,"href":"https:\/\/www.museuhistoricosl.com.br\/loja\/wp-json\/wp\/v2\/comments?post=19503"}],"wp:featuredmedia":[{"embeddable":true,"href":"https:\/\/www.museuhistoricosl.com.br\/loja\/wp-json\/wp\/v2\/media\/19502"}],"wp:attachment":[{"href":"https:\/\/www.museuhistoricosl.com.br\/loja\/wp-json\/wp\/v2\/media?parent=19503"}],"wp:term":[{"taxonomy":"product_cat","embeddable":true,"href":"https:\/\/www.museuhistoricosl.com.br\/loja\/wp-json\/wp\/v2\/product_cat?post=19503"},{"taxonomy":"product_tag","embeddable":true,"href":"https:\/\/www.museuhistoricosl.com.br\/loja\/wp-json\/wp\/v2\/product_tag?post=19503"}],"curies":[{"name":"wp","href":"https:\/\/api.w.org\/{rel}","templated":true}]}}