{"id":19407,"date":"2022-01-04T08:55:23","date_gmt":"2022-01-04T11:55:23","guid":{"rendered":"https:\/\/www.museuhistoricosl.com.br\/loja\/produto\/sl030-fd-0267\/"},"modified":"2022-01-04T08:55:23","modified_gmt":"2022-01-04T11:55:23","slug":"sl030-fd-0267","status":"publish","type":"product","link":"https:\/\/www.museuhistoricosl.com.br\/loja\/produto\/sl030-fd-0267\/","title":{"rendered":"SL030-FD-0267"},"content":{"rendered":"<p>Elei\u00e7\u00f5es, Onar Haack, Fernando Hennig, S\u00e9rgio Schmidt, Ronaldo Ribas, Waldir Schmidt, Andr\u00e9 Foster e Paulo Mil\u00e3o, Inaugura\u00e7\u00e3o Comite PMDB 1991, 25\/10\/1991; Elei\u00e7\u00f5es; <\/p>\n","protected":false},"excerpt":{"rendered":"<p>Elei\u00e7\u00f5es, Onar Haack, Fernando Hennig, S\u00e9rgio Schmidt, Ronaldo Ribas, Waldir Schmidt, Andr\u00e9 Foster e Paulo Mil\u00e3o, Inaugura\u00e7\u00e3o Comite PMDB 1991,<\/p>\n","protected":false},"featured_media":19406,"comment_status":"open","ping_status":"closed","template":"","meta":{"_acf_changed":false},"product_cat":[38],"product_tag":[],"class_list":["post-19407","product","type-product","status-publish","has-post-thumbnail","hentry","product_cat-eleicoes"],"acf":[],"_links":{"self":[{"href":"https:\/\/www.museuhistoricosl.com.br\/loja\/wp-json\/wp\/v2\/product\/19407","targetHints":{"allow":["GET"]}}],"collection":[{"href":"https:\/\/www.museuhistoricosl.com.br\/loja\/wp-json\/wp\/v2\/product"}],"about":[{"href":"https:\/\/www.museuhistoricosl.com.br\/loja\/wp-json\/wp\/v2\/types\/product"}],"replies":[{"embeddable":true,"href":"https:\/\/www.museuhistoricosl.com.br\/loja\/wp-json\/wp\/v2\/comments?post=19407"}],"wp:featuredmedia":[{"embeddable":true,"href":"https:\/\/www.museuhistoricosl.com.br\/loja\/wp-json\/wp\/v2\/media\/19406"}],"wp:attachment":[{"href":"https:\/\/www.museuhistoricosl.com.br\/loja\/wp-json\/wp\/v2\/media?parent=19407"}],"wp:term":[{"taxonomy":"product_cat","embeddable":true,"href":"https:\/\/www.museuhistoricosl.com.br\/loja\/wp-json\/wp\/v2\/product_cat?post=19407"},{"taxonomy":"product_tag","embeddable":true,"href":"https:\/\/www.museuhistoricosl.com.br\/loja\/wp-json\/wp\/v2\/product_tag?post=19407"}],"curies":[{"name":"wp","href":"https:\/\/api.w.org\/{rel}","templated":true}]}}