{"id":19277,"date":"2022-01-04T08:54:46","date_gmt":"2022-01-04T11:54:46","guid":{"rendered":"https:\/\/www.museuhistoricosl.com.br\/loja\/produto\/sl030-fd-0202\/"},"modified":"2022-01-04T08:54:46","modified_gmt":"2022-01-04T11:54:46","slug":"sl030-fd-0202","status":"publish","type":"product","link":"https:\/\/www.museuhistoricosl.com.br\/loja\/produto\/sl030-fd-0202\/","title":{"rendered":"SL030-FD-0202"},"content":{"rendered":"<p>Elei\u00e7\u00f5es 1978, luiz Ant\u00f4nio Albrecht; Elei\u00e7\u00f5es; <\/p>\n","protected":false},"excerpt":{"rendered":"<p>Elei\u00e7\u00f5es 1978, luiz Ant\u00f4nio Albrecht; Elei\u00e7\u00f5es;<\/p>\n","protected":false},"featured_media":19276,"comment_status":"open","ping_status":"closed","template":"","meta":{"_acf_changed":false},"product_cat":[38],"product_tag":[],"class_list":["post-19277","product","type-product","status-publish","has-post-thumbnail","hentry","product_cat-eleicoes"],"acf":[],"_links":{"self":[{"href":"https:\/\/www.museuhistoricosl.com.br\/loja\/wp-json\/wp\/v2\/product\/19277","targetHints":{"allow":["GET"]}}],"collection":[{"href":"https:\/\/www.museuhistoricosl.com.br\/loja\/wp-json\/wp\/v2\/product"}],"about":[{"href":"https:\/\/www.museuhistoricosl.com.br\/loja\/wp-json\/wp\/v2\/types\/product"}],"replies":[{"embeddable":true,"href":"https:\/\/www.museuhistoricosl.com.br\/loja\/wp-json\/wp\/v2\/comments?post=19277"}],"wp:featuredmedia":[{"embeddable":true,"href":"https:\/\/www.museuhistoricosl.com.br\/loja\/wp-json\/wp\/v2\/media\/19276"}],"wp:attachment":[{"href":"https:\/\/www.museuhistoricosl.com.br\/loja\/wp-json\/wp\/v2\/media?parent=19277"}],"wp:term":[{"taxonomy":"product_cat","embeddable":true,"href":"https:\/\/www.museuhistoricosl.com.br\/loja\/wp-json\/wp\/v2\/product_cat?post=19277"},{"taxonomy":"product_tag","embeddable":true,"href":"https:\/\/www.museuhistoricosl.com.br\/loja\/wp-json\/wp\/v2\/product_tag?post=19277"}],"curies":[{"name":"wp","href":"https:\/\/api.w.org\/{rel}","templated":true}]}}