{"id":19243,"date":"2022-01-04T08:54:39","date_gmt":"2022-01-04T11:54:39","guid":{"rendered":"https:\/\/www.museuhistoricosl.com.br\/loja\/produto\/sl030-fd-0185\/"},"modified":"2022-01-04T08:54:39","modified_gmt":"2022-01-04T11:54:39","slug":"sl030-fd-0185","status":"publish","type":"product","link":"https:\/\/www.museuhistoricosl.com.br\/loja\/produto\/sl030-fd-0185\/","title":{"rendered":"SL030-FD-0185"},"content":{"rendered":"<p>Saft \/ Glodomiro, Maria Emilia de Paula, 1959, Mesa Oficial: Dr. Alexandre Machado da Silva (ao centro), Dr. Siegbert Salf, Dr. Ol\u00edmpio Albrecht, Benno Kaefer, Maria Emilia de Paula, atr\u00e1s: ?, Padre C\u00e2ndido Santini, ?, Glodomiro Martins, ?, Hercules Fraga da Silva (Delegado de Pol\u00edcia); Elei\u00e7\u00f5es; <\/p>\n","protected":false},"excerpt":{"rendered":"<p>Saft \/ Glodomiro, Maria Emilia de Paula, 1959, Mesa Oficial: Dr. Alexandre Machado da Silva (ao centro), Dr. Siegbert Salf,<\/p>\n","protected":false},"featured_media":19242,"comment_status":"open","ping_status":"closed","template":"","meta":{"_acf_changed":false},"product_cat":[38],"product_tag":[],"class_list":["post-19243","product","type-product","status-publish","has-post-thumbnail","hentry","product_cat-eleicoes"],"acf":[],"_links":{"self":[{"href":"https:\/\/www.museuhistoricosl.com.br\/loja\/wp-json\/wp\/v2\/product\/19243","targetHints":{"allow":["GET"]}}],"collection":[{"href":"https:\/\/www.museuhistoricosl.com.br\/loja\/wp-json\/wp\/v2\/product"}],"about":[{"href":"https:\/\/www.museuhistoricosl.com.br\/loja\/wp-json\/wp\/v2\/types\/product"}],"replies":[{"embeddable":true,"href":"https:\/\/www.museuhistoricosl.com.br\/loja\/wp-json\/wp\/v2\/comments?post=19243"}],"wp:featuredmedia":[{"embeddable":true,"href":"https:\/\/www.museuhistoricosl.com.br\/loja\/wp-json\/wp\/v2\/media\/19242"}],"wp:attachment":[{"href":"https:\/\/www.museuhistoricosl.com.br\/loja\/wp-json\/wp\/v2\/media?parent=19243"}],"wp:term":[{"taxonomy":"product_cat","embeddable":true,"href":"https:\/\/www.museuhistoricosl.com.br\/loja\/wp-json\/wp\/v2\/product_cat?post=19243"},{"taxonomy":"product_tag","embeddable":true,"href":"https:\/\/www.museuhistoricosl.com.br\/loja\/wp-json\/wp\/v2\/product_tag?post=19243"}],"curies":[{"name":"wp","href":"https:\/\/api.w.org\/{rel}","templated":true}]}}