{"id":19239,"date":"2022-01-04T08:54:39","date_gmt":"2022-01-04T11:54:39","guid":{"rendered":"https:\/\/www.museuhistoricosl.com.br\/loja\/produto\/sl030-fd-0183\/"},"modified":"2022-01-04T08:54:39","modified_gmt":"2022-01-04T11:54:39","slug":"sl030-fd-0183","status":"publish","type":"product","link":"https:\/\/www.museuhistoricosl.com.br\/loja\/produto\/sl030-fd-0183\/","title":{"rendered":"SL030-FD-0183"},"content":{"rendered":"<p>Prezado Senhor, Em nome da atual mesa Diretora da C\u00e2mara Municipal, gostar\u00edamos de homenagerar Vossa inestim\u00e1vel colabora\u00e7\u00e3o \u00e0 hist\u00f3ria politica dos 155 Anos do Poder Legislativo, S\u00e3o Leopoldo, 24 de Julho de 2001, Jorge da Silva, Presidente; Elei\u00e7\u00f5es; <\/p>\n","protected":false},"excerpt":{"rendered":"<p>Prezado Senhor, Em nome da atual mesa Diretora da C\u00e2mara Municipal, gostar\u00edamos de homenagerar Vossa inestim\u00e1vel colabora\u00e7\u00e3o \u00e0 hist\u00f3ria politica<\/p>\n","protected":false},"featured_media":19238,"comment_status":"open","ping_status":"closed","template":"","meta":{"_acf_changed":false},"product_cat":[38],"product_tag":[],"class_list":["post-19239","product","type-product","status-publish","has-post-thumbnail","hentry","product_cat-eleicoes"],"acf":[],"_links":{"self":[{"href":"https:\/\/www.museuhistoricosl.com.br\/loja\/wp-json\/wp\/v2\/product\/19239","targetHints":{"allow":["GET"]}}],"collection":[{"href":"https:\/\/www.museuhistoricosl.com.br\/loja\/wp-json\/wp\/v2\/product"}],"about":[{"href":"https:\/\/www.museuhistoricosl.com.br\/loja\/wp-json\/wp\/v2\/types\/product"}],"replies":[{"embeddable":true,"href":"https:\/\/www.museuhistoricosl.com.br\/loja\/wp-json\/wp\/v2\/comments?post=19239"}],"wp:featuredmedia":[{"embeddable":true,"href":"https:\/\/www.museuhistoricosl.com.br\/loja\/wp-json\/wp\/v2\/media\/19238"}],"wp:attachment":[{"href":"https:\/\/www.museuhistoricosl.com.br\/loja\/wp-json\/wp\/v2\/media?parent=19239"}],"wp:term":[{"taxonomy":"product_cat","embeddable":true,"href":"https:\/\/www.museuhistoricosl.com.br\/loja\/wp-json\/wp\/v2\/product_cat?post=19239"},{"taxonomy":"product_tag","embeddable":true,"href":"https:\/\/www.museuhistoricosl.com.br\/loja\/wp-json\/wp\/v2\/product_tag?post=19239"}],"curies":[{"name":"wp","href":"https:\/\/api.w.org\/{rel}","templated":true}]}}