{"id":19153,"date":"2022-01-04T08:54:17","date_gmt":"2022-01-04T11:54:17","guid":{"rendered":"https:\/\/www.museuhistoricosl.com.br\/loja\/produto\/sl030-fd-0140\/"},"modified":"2022-01-04T08:54:17","modified_gmt":"2022-01-04T11:54:17","slug":"sl030-fd-0140","status":"publish","type":"product","link":"https:\/\/www.museuhistoricosl.com.br\/loja\/produto\/sl030-fd-0140\/","title":{"rendered":"SL030-FD-0140"},"content":{"rendered":"<p>PT, Partido dos Trabalhadores, Ol\u00edvio Dutra, Miguel Rossetto, Jos\u00e9 Paulo Bisol; Elei\u00e7\u00f5es; <\/p>\n","protected":false},"excerpt":{"rendered":"<p>PT, Partido dos Trabalhadores, Ol\u00edvio Dutra, Miguel Rossetto, Jos\u00e9 Paulo Bisol; Elei\u00e7\u00f5es;<\/p>\n","protected":false},"featured_media":19152,"comment_status":"open","ping_status":"closed","template":"","meta":{"_acf_changed":false},"product_cat":[38],"product_tag":[],"class_list":["post-19153","product","type-product","status-publish","has-post-thumbnail","hentry","product_cat-eleicoes"],"acf":[],"_links":{"self":[{"href":"https:\/\/www.museuhistoricosl.com.br\/loja\/wp-json\/wp\/v2\/product\/19153","targetHints":{"allow":["GET"]}}],"collection":[{"href":"https:\/\/www.museuhistoricosl.com.br\/loja\/wp-json\/wp\/v2\/product"}],"about":[{"href":"https:\/\/www.museuhistoricosl.com.br\/loja\/wp-json\/wp\/v2\/types\/product"}],"replies":[{"embeddable":true,"href":"https:\/\/www.museuhistoricosl.com.br\/loja\/wp-json\/wp\/v2\/comments?post=19153"}],"wp:featuredmedia":[{"embeddable":true,"href":"https:\/\/www.museuhistoricosl.com.br\/loja\/wp-json\/wp\/v2\/media\/19152"}],"wp:attachment":[{"href":"https:\/\/www.museuhistoricosl.com.br\/loja\/wp-json\/wp\/v2\/media?parent=19153"}],"wp:term":[{"taxonomy":"product_cat","embeddable":true,"href":"https:\/\/www.museuhistoricosl.com.br\/loja\/wp-json\/wp\/v2\/product_cat?post=19153"},{"taxonomy":"product_tag","embeddable":true,"href":"https:\/\/www.museuhistoricosl.com.br\/loja\/wp-json\/wp\/v2\/product_tag?post=19153"}],"curies":[{"name":"wp","href":"https:\/\/api.w.org\/{rel}","templated":true}]}}