{"id":19121,"date":"2022-01-04T08:54:10","date_gmt":"2022-01-04T11:54:10","guid":{"rendered":"https:\/\/www.museuhistoricosl.com.br\/loja\/produto\/sl030-fd-0124\/"},"modified":"2022-01-04T08:54:10","modified_gmt":"2022-01-04T11:54:10","slug":"sl030-fd-0124","status":"publish","type":"product","link":"https:\/\/www.museuhistoricosl.com.br\/loja\/produto\/sl030-fd-0124\/","title":{"rendered":"SL030-FD-0124"},"content":{"rendered":"<p>Apura\u00e7\u00e3o das urnas eletr\u00f4nicas, elei\u00e7\u00e3o geral, Gin\u00e1sio de esportes Celso Morbach, ju\u00edza eleitoral Dra. Gisele Pivos, Foto Thomas Rodrigues, 04\/10\/1998; Elei\u00e7\u00f5es; <\/p>\n","protected":false},"excerpt":{"rendered":"<p>Apura\u00e7\u00e3o das urnas eletr\u00f4nicas, elei\u00e7\u00e3o geral, Gin\u00e1sio de esportes Celso Morbach, ju\u00edza eleitoral Dra. Gisele Pivos, Foto Thomas Rodrigues, 04\/10\/1998;<\/p>\n","protected":false},"featured_media":19120,"comment_status":"open","ping_status":"closed","template":"","meta":{"_acf_changed":false},"product_cat":[38],"product_tag":[],"class_list":["post-19121","product","type-product","status-publish","has-post-thumbnail","hentry","product_cat-eleicoes"],"acf":[],"_links":{"self":[{"href":"https:\/\/www.museuhistoricosl.com.br\/loja\/wp-json\/wp\/v2\/product\/19121","targetHints":{"allow":["GET"]}}],"collection":[{"href":"https:\/\/www.museuhistoricosl.com.br\/loja\/wp-json\/wp\/v2\/product"}],"about":[{"href":"https:\/\/www.museuhistoricosl.com.br\/loja\/wp-json\/wp\/v2\/types\/product"}],"replies":[{"embeddable":true,"href":"https:\/\/www.museuhistoricosl.com.br\/loja\/wp-json\/wp\/v2\/comments?post=19121"}],"wp:featuredmedia":[{"embeddable":true,"href":"https:\/\/www.museuhistoricosl.com.br\/loja\/wp-json\/wp\/v2\/media\/19120"}],"wp:attachment":[{"href":"https:\/\/www.museuhistoricosl.com.br\/loja\/wp-json\/wp\/v2\/media?parent=19121"}],"wp:term":[{"taxonomy":"product_cat","embeddable":true,"href":"https:\/\/www.museuhistoricosl.com.br\/loja\/wp-json\/wp\/v2\/product_cat?post=19121"},{"taxonomy":"product_tag","embeddable":true,"href":"https:\/\/www.museuhistoricosl.com.br\/loja\/wp-json\/wp\/v2\/product_tag?post=19121"}],"curies":[{"name":"wp","href":"https:\/\/api.w.org\/{rel}","templated":true}]}}